{"id":3420,"date":"2020-06-06T15:04:16","date_gmt":"2020-06-06T12:04:16","guid":{"rendered":"https:\/\/erikalindstrom.com\/?page_id=3420"},"modified":"2026-04-20T19:38:29","modified_gmt":"2026-04-20T16:38:29","slug":"raskauspaivakirja","status":"publish","type":"page","link":"https:\/\/erikalindstrom.com\/fi\/raskauspaivakirja\/","title":{"rendered":"Raskausp\u00e4iv\u00e4kirja"},"content":{"rendered":"\t\t<div data-elementor-type=\"wp-page\" data-elementor-id=\"3420\" class=\"elementor elementor-3420 elementor-3380\" data-elementor-post-type=\"page\">\n\t\t\t\t\t\t<section class=\"elementor-section elementor-top-section elementor-element elementor-element-27662a0d elementor-section-stretched elementor-section-full_width elementor-section-height-min-height elementor-section-height-default elementor-section-items-middle\" data-id=\"27662a0d\" data-element_type=\"section\" data-settings=\"{&quot;stretch_section&quot;:&quot;section-stretched&quot;,&quot;background_background&quot;:&quot;classic&quot;}\">\n\t\t\t\t\t\t<div class=\"elementor-container elementor-column-gap-default\">\n\t\t\t\t\t<div class=\"elementor-column elementor-col-100 elementor-top-column elementor-element elementor-element-218f5cde\" data-id=\"218f5cde\" data-element_type=\"column\">\n\t\t\t<div class=\"elementor-widget-wrap elementor-element-populated\">\n\t\t\t\t\t\t<div class=\"elementor-element elementor-element-7e33886 elementor-widget elementor-widget-image\" data-id=\"7e33886\" data-element_type=\"widget\" data-widget_type=\"image.default\">\n\t\t\t\t<div class=\"elementor-widget-container\">\n\t\t\t\t\t\t\t\t\t\t\t\t\t\t\t<img fetchpriority=\"high\" decoding=\"async\" width=\"1024\" height=\"683\" src=\"https:\/\/erikalindstrom.com\/wp-content\/uploads\/2025\/07\/erikalindstromphoto_raskauskuvaus_Tamara_19-1024x683.jpg\" class=\"attachment-large size-large wp-image-8389\" alt=\"\" srcset=\"https:\/\/erikalindstrom.com\/wp-content\/uploads\/2025\/07\/erikalindstromphoto_raskauskuvaus_Tamara_19-1024x683.jpg 1024w, https:\/\/erikalindstrom.com\/wp-content\/uploads\/2025\/07\/erikalindstromphoto_raskauskuvaus_Tamara_19-300x200.jpg 300w, https:\/\/erikalindstrom.com\/wp-content\/uploads\/2025\/07\/erikalindstromphoto_raskauskuvaus_Tamara_19-768x512.jpg 768w, https:\/\/erikalindstrom.com\/wp-content\/uploads\/2025\/07\/erikalindstromphoto_raskauskuvaus_Tamara_19-1536x1024.jpg 1536w, https:\/\/erikalindstrom.com\/wp-content\/uploads\/2025\/07\/erikalindstromphoto_raskauskuvaus_Tamara_19-600x400.jpg 600w, https:\/\/erikalindstrom.com\/wp-content\/uploads\/2025\/07\/erikalindstromphoto_raskauskuvaus_Tamara_19.jpg 2048w\" sizes=\"(max-width: 1024px) 100vw, 1024px\" \/>\t\t\t\t\t\t\t\t\t\t\t\t\t\t\t<\/div>\n\t\t\t\t<\/div>\n\t\t\t\t\t<\/div>\n\t\t<\/div>\n\t\t\t\t\t<\/div>\n\t\t<\/section>\n\t\t\t\t<section class=\"elementor-section elementor-top-section elementor-element elementor-element-495011a4 elementor-section-stretched elementor-section-full_width elementor-section-height-default elementor-section-height-default\" data-id=\"495011a4\" data-element_type=\"section\" data-settings=\"{&quot;stretch_section&quot;:&quot;section-stretched&quot;}\">\n\t\t\t\t\t\t<div class=\"elementor-container elementor-column-gap-default\">\n\t\t\t\t\t<div class=\"elementor-column elementor-col-100 elementor-top-column elementor-element elementor-element-44d0db30\" data-id=\"44d0db30\" data-element_type=\"column\">\n\t\t\t<div class=\"elementor-widget-wrap elementor-element-populated\">\n\t\t\t\t\t\t<div class=\"elementor-element elementor-element-58c033d9 elementor-widget elementor-widget-heading\" data-id=\"58c033d9\" data-element_type=\"widget\" data-widget_type=\"heading.default\">\n\t\t\t\t<div class=\"elementor-widget-container\">\n\t\t\t\t\t<h2 class=\"elementor-heading-title elementor-size-xl\"><a href=\"http:\/\/www.erikalindstrom.com\/lahjakortti\">Raskausp\u00e4iv\u00e4kirja<\/a><\/h2>\t\t\t\t<\/div>\n\t\t\t\t<\/div>\n\t\t\t\t\t<\/div>\n\t\t<\/div>\n\t\t\t\t\t<\/div>\n\t\t<\/section>\n\t\t\t\t<section class=\"elementor-section elementor-top-section elementor-element elementor-element-45e5dc0f elementor-section-boxed elementor-section-height-default elementor-section-height-default\" data-id=\"45e5dc0f\" data-element_type=\"section\">\n\t\t\t\t\t\t<div class=\"elementor-container elementor-column-gap-default\">\n\t\t\t\t\t<div class=\"elementor-column elementor-col-50 elementor-top-column elementor-element elementor-element-4af6354e\" data-id=\"4af6354e\" data-element_type=\"column\">\n\t\t\t<div class=\"elementor-widget-wrap elementor-element-populated\">\n\t\t\t\t\t\t<div class=\"elementor-element elementor-element-2d0174c0 elementor-widget elementor-widget-text-editor\" data-id=\"2d0174c0\" data-element_type=\"widget\" data-widget_type=\"text-editor.default\">\n\t\t\t\t<div class=\"elementor-widget-container\">\n\t\t\t\t\t\t\t\t\t<p><strong><span style=\"text-decoration: underline;\">P\u00e4iv\u00e4kirja raskausajan muistolle<\/span><\/strong><\/p><p>Raskauden aikana sinulla on ajatuksia ja tunteita laidasta laitaan. Kehityt sek\u00e4 fyysisesti ett\u00e4 henkisesti. Tunnet lapsesi kasvavan sis\u00e4ll\u00e4si. K\u00e4yt l\u00e4pi jotain taianomaista.    <\/p><p>Lataamalla t\u00e4m\u00e4n raskausp\u00e4iv\u00e4kirjan itsellesi voit helposti kirjoittaa alas ajatuksesi, tunteesi ja asiat, joista olet kiitollinen raskauden aikana.<\/p><p>Voit kirjoittaa tunteista ja ajatuksista. Voit k\u00e4ytt\u00e4\u00e4 sit\u00e4 s\u00e4hk\u00f6isess\u00e4 muodossa tai miksi ei tulostaa se ja askarrella haluamallasi tavalla niin, ett\u00e4 siit\u00e4 tulee niin henkil\u00f6kohtainen kuin mahdollista. <\/p>\t\t\t\t\t\t\t\t<\/div>\n\t\t\t\t<\/div>\n\t\t\t\t\t<\/div>\n\t\t<\/div>\n\t\t\t\t<div class=\"elementor-column elementor-col-50 elementor-top-column elementor-element elementor-element-1ce6a5c0\" data-id=\"1ce6a5c0\" data-element_type=\"column\">\n\t\t\t<div class=\"elementor-widget-wrap elementor-element-populated\">\n\t\t\t\t\t\t<div class=\"elementor-element elementor-element-5d888192 elementor-widget elementor-widget-image\" data-id=\"5d888192\" data-element_type=\"widget\" data-widget_type=\"image.default\">\n\t\t\t\t<div class=\"elementor-widget-container\">\n\t\t\t\t\t\t\t\t\t\t\t\t\t\t\t<img decoding=\"async\" width=\"683\" height=\"1024\" src=\"https:\/\/erikalindstrom.com\/wp-content\/uploads\/2025\/07\/erikalindstromphoto_raskauskuvaus_SaraJ_28_web-683x1024.jpg\" class=\"attachment-large size-large wp-image-8396\" alt=\"\" srcset=\"https:\/\/erikalindstrom.com\/wp-content\/uploads\/2025\/07\/erikalindstromphoto_raskauskuvaus_SaraJ_28_web-683x1024.jpg 683w, https:\/\/erikalindstrom.com\/wp-content\/uploads\/2025\/07\/erikalindstromphoto_raskauskuvaus_SaraJ_28_web-200x300.jpg 200w, https:\/\/erikalindstrom.com\/wp-content\/uploads\/2025\/07\/erikalindstromphoto_raskauskuvaus_SaraJ_28_web-768x1152.jpg 768w, https:\/\/erikalindstrom.com\/wp-content\/uploads\/2025\/07\/erikalindstromphoto_raskauskuvaus_SaraJ_28_web-1024x1536.jpg 1024w, https:\/\/erikalindstrom.com\/wp-content\/uploads\/2025\/07\/erikalindstromphoto_raskauskuvaus_SaraJ_28_web-1365x2048.jpg 1365w, https:\/\/erikalindstrom.com\/wp-content\/uploads\/2025\/07\/erikalindstromphoto_raskauskuvaus_SaraJ_28_web-600x900.jpg 600w, https:\/\/erikalindstrom.com\/wp-content\/uploads\/2025\/07\/erikalindstromphoto_raskauskuvaus_SaraJ_28_web-scaled.jpg 1707w\" sizes=\"(max-width: 683px) 100vw, 683px\" \/>\t\t\t\t\t\t\t\t\t\t\t\t\t\t\t<\/div>\n\t\t\t\t<\/div>\n\t\t\t\t\t<\/div>\n\t\t<\/div>\n\t\t\t\t\t<\/div>\n\t\t<\/section>\n\t\t\t\t<section class=\"elementor-section elementor-top-section elementor-element elementor-element-53d01334 elementor-section-boxed elementor-section-height-default elementor-section-height-default\" data-id=\"53d01334\" data-element_type=\"section\">\n\t\t\t\t\t\t<div class=\"elementor-container elementor-column-gap-default\">\n\t\t\t\t\t<div class=\"elementor-column elementor-col-100 elementor-top-column elementor-element elementor-element-48a64559\" data-id=\"48a64559\" data-element_type=\"column\">\n\t\t\t<div class=\"elementor-widget-wrap elementor-element-populated\">\n\t\t\t\t\t\t<div class=\"elementor-element elementor-element-7d89159 elementor-widget elementor-widget-heading\" data-id=\"7d89159\" data-element_type=\"widget\" data-widget_type=\"heading.default\">\n\t\t\t\t<div class=\"elementor-widget-container\">\n\t\t\t\t\t<h2 class=\"elementor-heading-title elementor-size-default\">Lataa ilmainen raskausp\u00e4iv\u00e4kirja t\u00e4ytt\u00e4m\u00e4ll\u00e4 alla olevat tiedot<\/h2>\t\t\t\t<\/div>\n\t\t\t\t<\/div>\n\t\t\t\t\t<\/div>\n\t\t<\/div>\n\t\t\t\t\t<\/div>\n\t\t<\/section>\n\t\t\t\t<section class=\"elementor-section elementor-top-section elementor-element elementor-element-648d4c22 elementor-section-boxed elementor-section-height-default elementor-section-height-default\" data-id=\"648d4c22\" data-element_type=\"section\" data-settings=\"{&quot;background_background&quot;:&quot;classic&quot;}\">\n\t\t\t\t\t\t<div class=\"elementor-container elementor-column-gap-default\">\n\t\t\t\t\t<div class=\"elementor-column elementor-col-100 elementor-top-column elementor-element elementor-element-665c06fe\" data-id=\"665c06fe\" data-element_type=\"column\">\n\t\t\t<div class=\"elementor-widget-wrap elementor-element-populated\">\n\t\t\t\t\t\t<div class=\"elementor-element elementor-element-2c0eed0d elementor-button-align-stretch elementor-widget elementor-widget-form\" data-id=\"2c0eed0d\" data-element_type=\"widget\" data-settings=\"{&quot;step_next_label&quot;:&quot;Seuraava&quot;,&quot;step_previous_label&quot;:&quot;Edellinen&quot;,&quot;step_type&quot;:&quot;number_text&quot;,&quot;step_icon_shape&quot;:&quot;circle&quot;}\" data-widget_type=\"form.default\">\n\t\t\t\t<div class=\"elementor-widget-container\">\n\t\t\t\t\t\t\t<form class=\"elementor-form\" method=\"post\" name=\"Lataa\" aria-label=\"Lataa\">\n\t\t\t<input type=\"hidden\" name=\"post_id\" value=\"3420\"\/>\n\t\t\t<input type=\"hidden\" name=\"form_id\" value=\"2c0eed0d\"\/>\n\t\t\t<input type=\"hidden\" name=\"referer_title\" value=\"Raskausp\u00e4iv\u00e4kirja - Erika Lindstr\u00f6m Photography\" \/>\n\n\t\t\t\t\t\t\t<input type=\"hidden\" name=\"queried_id\" value=\"3420\"\/>\n\t\t\t\n\t\t\t<div class=\"elementor-form-fields-wrapper elementor-labels-\">\n\t\t\t\t\t\t\t\t<div class=\"elementor-field-type-text elementor-field-group elementor-column elementor-field-group-field_1 elementor-col-50 elementor-field-required\">\n\t\t\t\t\t\t\t\t\t\t\t\t<label for=\"form-field-field_1\" class=\"elementor-field-label elementor-screen-only\">\n\t\t\t\t\t\t\t\tNimi\t\t\t\t\t\t\t<\/label>\n\t\t\t\t\t\t\t\t\t\t\t\t\t\t<input size=\"1\" type=\"text\" name=\"form_fields[field_1]\" id=\"form-field-field_1\" class=\"elementor-field elementor-size-md  elementor-field-textual\" placeholder=\"Nimi\" required=\"required\">\n\t\t\t\t\t\t\t\t\t\t\t<\/div>\n\t\t\t\t\t\t\t\t<div class=\"elementor-field-type-email elementor-field-group elementor-column elementor-field-group-field_2 elementor-col-50 elementor-field-required\">\n\t\t\t\t\t\t\t\t\t\t\t\t<label for=\"form-field-field_2\" class=\"elementor-field-label elementor-screen-only\">\n\t\t\t\t\t\t\t\tS\u00e4hk\u00f6posti\t\t\t\t\t\t\t<\/label>\n\t\t\t\t\t\t\t\t\t\t\t\t\t\t<input size=\"1\" type=\"email\" name=\"form_fields[field_2]\" id=\"form-field-field_2\" class=\"elementor-field elementor-size-md  elementor-field-textual\" placeholder=\"S\u00e4hk\u00f6posti\" required=\"required\">\n\t\t\t\t\t\t\t\t\t\t\t<\/div>\n\t\t\t\t\t\t\t\t<div class=\"elementor-field-group elementor-column elementor-field-type-submit elementor-col-100 e-form__buttons\">\n\t\t\t\t\t<button class=\"elementor-button elementor-size-sm\" type=\"submit\">\n\t\t\t\t\t\t<span class=\"elementor-button-content-wrapper\">\n\t\t\t\t\t\t\t\t\t\t\t\t\t\t\t\t\t\t\t\t\t\t<span class=\"elementor-button-text\">Lataa raskausp\u00e4iv\u00e4kirja ilmaiseksi.<\/span>\n\t\t\t\t\t\t\t\t\t\t\t\t\t<\/span>\n\t\t\t\t\t<\/button>\n\t\t\t\t<\/div>\n\t\t\t<\/div>\n\t\t<\/form>\n\t\t\t\t\t\t<\/div>\n\t\t\t\t<\/div>\n\t\t\t\t\t<\/div>\n\t\t<\/div>\n\t\t\t\t\t<\/div>\n\t\t<\/section>\n\t\t\t\t<\/div>\n\t\t","protected":false},"excerpt":{"rendered":"<p>Raskausp\u00e4iv\u00e4kirja P\u00e4iv\u00e4kirja raskausajan muistolle Raskauden aikana sinulla on ajatuksia ja tunteita laidasta laitaan. Kehityt sek\u00e4 fyysisesti ett\u00e4 henkisesti. Tunnet lapsesi kasvavan sis\u00e4ll\u00e4si. K\u00e4yt l\u00e4pi jotain taianomaista. Lataamalla t\u00e4m\u00e4n raskausp\u00e4iv\u00e4kirjan itsellesi voit helposti kirjoittaa alas ajatuksesi, tunteesi ja asiat, joista olet kiitollinen raskauden aikana. Voit kirjoittaa tunteista ja ajatuksista. Voit k\u00e4ytt\u00e4\u00e4 sit\u00e4 s\u00e4hk\u00f6isess\u00e4 muodossa tai miksi [&hellip;]<\/p>\n","protected":false},"author":1,"featured_media":0,"parent":0,"menu_order":0,"comment_status":"closed","ping_status":"closed","template":"","meta":{"ocean_post_layout":"full-screen","ocean_both_sidebars_style":"","ocean_both_sidebars_content_width":0,"ocean_both_sidebars_sidebars_width":0,"ocean_sidebar":"0","ocean_second_sidebar":"0","ocean_disable_margins":"enable","ocean_add_body_class":"","ocean_shortcode_before_top_bar":"","ocean_shortcode_after_top_bar":"","ocean_shortcode_before_header":"","ocean_shortcode_after_header":"","ocean_has_shortcode":"","ocean_shortcode_after_title":"","ocean_shortcode_before_footer_widgets":"","ocean_shortcode_after_footer_widgets":"","ocean_shortcode_before_footer_bottom":"","ocean_shortcode_after_footer_bottom":"","ocean_display_top_bar":"default","ocean_display_header":"default","ocean_header_style":"","ocean_center_header_left_menu":"0","ocean_custom_header_template":"0","ocean_custom_logo":0,"ocean_custom_retina_logo":0,"ocean_custom_logo_max_width":0,"ocean_custom_logo_tablet_max_width":0,"ocean_custom_logo_mobile_max_width":0,"ocean_custom_logo_max_height":0,"ocean_custom_logo_tablet_max_height":0,"ocean_custom_logo_mobile_max_height":0,"ocean_header_custom_menu":"0","ocean_menu_typo_font_family":"0","ocean_menu_typo_font_subset":"","ocean_menu_typo_font_size":0,"ocean_menu_typo_font_size_tablet":0,"ocean_menu_typo_font_size_mobile":0,"ocean_menu_typo_font_size_unit":"px","ocean_menu_typo_font_weight":"","ocean_menu_typo_font_weight_tablet":"","ocean_menu_typo_font_weight_mobile":"","ocean_menu_typo_transform":"","ocean_menu_typo_transform_tablet":"","ocean_menu_typo_transform_mobile":"","ocean_menu_typo_line_height":0,"ocean_menu_typo_line_height_tablet":0,"ocean_menu_typo_line_height_mobile":0,"ocean_menu_typo_line_height_unit":"","ocean_menu_typo_spacing":0,"ocean_menu_typo_spacing_tablet":0,"ocean_menu_typo_spacing_mobile":0,"ocean_menu_typo_spacing_unit":"","ocean_menu_link_color":"","ocean_menu_link_color_hover":"","ocean_menu_link_color_active":"","ocean_menu_link_background":"","ocean_menu_link_hover_background":"","ocean_menu_link_active_background":"","ocean_menu_social_links_bg":"","ocean_menu_social_hover_links_bg":"","ocean_menu_social_links_color":"","ocean_menu_social_hover_links_color":"","ocean_disable_title":"on","ocean_disable_heading":"default","ocean_post_title":"","ocean_post_subheading":"","ocean_post_title_style":"","ocean_post_title_background_color":"","ocean_post_title_background":0,"ocean_post_title_bg_image_position":"","ocean_post_title_bg_image_attachment":"","ocean_post_title_bg_image_repeat":"","ocean_post_title_bg_image_size":"","ocean_post_title_height":0,"ocean_post_title_bg_overlay":0.5,"ocean_post_title_bg_overlay_color":"","ocean_disable_breadcrumbs":"default","ocean_breadcrumbs_color":"","ocean_breadcrumbs_separator_color":"","ocean_breadcrumbs_links_color":"","ocean_breadcrumbs_links_hover_color":"","ocean_display_footer_widgets":"default","ocean_display_footer_bottom":"default","ocean_custom_footer_template":"0","footnotes":""},"class_list":["post-3420","page","type-page","status-publish","hentry","entry","owp-thumbs-layout-vertical","owp-btn-normal","owp-tabs-layout-horizontal","has-no-thumbnails","has-product-nav"],"yoast_head":"<!-- This site is optimized with the Yoast SEO plugin v27.5 - https:\/\/yoast.com\/product\/yoast-seo-wordpress\/ -->\n<title>Raskausp\u00e4iv\u00e4kirja - Erika Lindstr\u00f6m Photography<\/title>\n<meta name=\"description\" content=\"Lataa ilmainen raskausp\u00e4iv\u00e4kirja joten voit kirjoittaa millainen vointisi on ollut viikosta viikkoon. P\u00e4iv\u00e4kirjan avulla voit muistaa raskausaikasi.\" \/>\n<meta name=\"robots\" content=\"index, follow, max-snippet:-1, max-image-preview:large, max-video-preview:-1\" \/>\n<link rel=\"canonical\" href=\"https:\/\/erikalindstrom.com\/fi\/raskauspaivakirja\/\" \/>\n<meta property=\"og:locale\" content=\"fi_FI\" \/>\n<meta property=\"og:type\" content=\"article\" \/>\n<meta property=\"og:title\" content=\"Raskausp\u00e4iv\u00e4kirja - Erika Lindstr\u00f6m Photography\" \/>\n<meta property=\"og:description\" content=\"Lataa ilmainen raskausp\u00e4iv\u00e4kirja joten voit kirjoittaa millainen vointisi on ollut viikosta viikkoon. P\u00e4iv\u00e4kirjan avulla voit muistaa raskausaikasi.\" \/>\n<meta property=\"og:url\" content=\"https:\/\/erikalindstrom.com\/fi\/raskauspaivakirja\/\" \/>\n<meta property=\"og:site_name\" content=\"Erika Lindstr\u00f6m Photography\" \/>\n<meta property=\"article:modified_time\" content=\"2026-04-20T16:38:29+00:00\" \/>\n<meta property=\"og:image\" content=\"https:\/\/erikalindstrom.com\/wp-content\/uploads\/2025\/07\/erikalindstromphoto_raskauskuvaus_Tamara_19.jpg\" \/>\n\t<meta property=\"og:image:width\" content=\"2048\" \/>\n\t<meta property=\"og:image:height\" content=\"1365\" \/>\n\t<meta property=\"og:image:type\" content=\"image\/jpeg\" \/>\n<meta name=\"twitter:card\" content=\"summary_large_image\" \/>\n<script type=\"application\/ld+json\" class=\"yoast-schema-graph\">{\"@context\":\"https:\\\/\\\/schema.org\",\"@graph\":[{\"@type\":\"WebPage\",\"@id\":\"https:\\\/\\\/erikalindstrom.com\\\/fi\\\/raskauspaivakirja\\\/\",\"url\":\"https:\\\/\\\/erikalindstrom.com\\\/fi\\\/raskauspaivakirja\\\/\",\"name\":\"Raskausp\u00e4iv\u00e4kirja - Erika Lindstr\u00f6m Photography\",\"isPartOf\":{\"@id\":\"https:\\\/\\\/erikalindstrom.com\\\/fi\\\/#website\"},\"primaryImageOfPage\":{\"@id\":\"https:\\\/\\\/erikalindstrom.com\\\/fi\\\/raskauspaivakirja\\\/#primaryimage\"},\"image\":{\"@id\":\"https:\\\/\\\/erikalindstrom.com\\\/fi\\\/raskauspaivakirja\\\/#primaryimage\"},\"thumbnailUrl\":\"https:\\\/\\\/erikalindstrom.com\\\/wp-content\\\/uploads\\\/2025\\\/07\\\/erikalindstromphoto_raskauskuvaus_Tamara_19-1024x683.jpg\",\"datePublished\":\"2020-06-06T12:04:16+00:00\",\"dateModified\":\"2026-04-20T16:38:29+00:00\",\"description\":\"Lataa ilmainen raskausp\u00e4iv\u00e4kirja joten voit kirjoittaa millainen vointisi on ollut viikosta viikkoon. P\u00e4iv\u00e4kirjan avulla voit muistaa raskausaikasi.\",\"breadcrumb\":{\"@id\":\"https:\\\/\\\/erikalindstrom.com\\\/fi\\\/raskauspaivakirja\\\/#breadcrumb\"},\"inLanguage\":\"fi\",\"potentialAction\":[{\"@type\":\"ReadAction\",\"target\":[\"https:\\\/\\\/erikalindstrom.com\\\/fi\\\/raskauspaivakirja\\\/\"]}]},{\"@type\":\"ImageObject\",\"inLanguage\":\"fi\",\"@id\":\"https:\\\/\\\/erikalindstrom.com\\\/fi\\\/raskauspaivakirja\\\/#primaryimage\",\"url\":\"https:\\\/\\\/erikalindstrom.com\\\/wp-content\\\/uploads\\\/2025\\\/07\\\/erikalindstromphoto_raskauskuvaus_Tamara_19-1024x683.jpg\",\"contentUrl\":\"https:\\\/\\\/erikalindstrom.com\\\/wp-content\\\/uploads\\\/2025\\\/07\\\/erikalindstromphoto_raskauskuvaus_Tamara_19-1024x683.jpg\"},{\"@type\":\"BreadcrumbList\",\"@id\":\"https:\\\/\\\/erikalindstrom.com\\\/fi\\\/raskauspaivakirja\\\/#breadcrumb\",\"itemListElement\":[{\"@type\":\"ListItem\",\"position\":1,\"name\":\"Home\",\"item\":\"https:\\\/\\\/erikalindstrom.com\\\/fi\\\/\"},{\"@type\":\"ListItem\",\"position\":2,\"name\":\"Raskausp\u00e4iv\u00e4kirja\"}]},{\"@type\":\"WebSite\",\"@id\":\"https:\\\/\\\/erikalindstrom.com\\\/fi\\\/#website\",\"url\":\"https:\\\/\\\/erikalindstrom.com\\\/fi\\\/\",\"name\":\"Erika Lindstr\u00f6m Photography\",\"description\":\"Raskauskuvaus J\u00e4rvenp\u00e4\u00e4\",\"publisher\":{\"@id\":\"https:\\\/\\\/erikalindstrom.com\\\/fi\\\/#\\\/schema\\\/person\\\/6f87faae22d2f910a95bb014a34d4b08\"},\"potentialAction\":[{\"@type\":\"SearchAction\",\"target\":{\"@type\":\"EntryPoint\",\"urlTemplate\":\"https:\\\/\\\/erikalindstrom.com\\\/fi\\\/?s={search_term_string}\"},\"query-input\":{\"@type\":\"PropertyValueSpecification\",\"valueRequired\":true,\"valueName\":\"search_term_string\"}}],\"inLanguage\":\"fi\"},{\"@type\":[\"Person\",\"Organization\"],\"@id\":\"https:\\\/\\\/erikalindstrom.com\\\/fi\\\/#\\\/schema\\\/person\\\/6f87faae22d2f910a95bb014a34d4b08\",\"name\":\"ErikaLindstrom\",\"image\":{\"@type\":\"ImageObject\",\"inLanguage\":\"fi\",\"@id\":\"https:\\\/\\\/erikalindstrom.com\\\/wp-content\\\/uploads\\\/2024\\\/09\\\/erikalindstromphoto_Raskauskuvaus_MarttaH_10_web.jpg\",\"url\":\"https:\\\/\\\/erikalindstrom.com\\\/wp-content\\\/uploads\\\/2024\\\/09\\\/erikalindstromphoto_Raskauskuvaus_MarttaH_10_web.jpg\",\"contentUrl\":\"https:\\\/\\\/erikalindstrom.com\\\/wp-content\\\/uploads\\\/2024\\\/09\\\/erikalindstromphoto_Raskauskuvaus_MarttaH_10_web.jpg\",\"width\":2048,\"height\":1365,\"caption\":\"ErikaLindstrom\"},\"logo\":{\"@id\":\"https:\\\/\\\/erikalindstrom.com\\\/wp-content\\\/uploads\\\/2024\\\/09\\\/erikalindstromphoto_Raskauskuvaus_MarttaH_10_web.jpg\"}}]}<\/script>\n<!-- \/ Yoast SEO plugin. -->","yoast_head_json":{"title":"Raskausp\u00e4iv\u00e4kirja - Erika Lindstr\u00f6m Photography","description":"Lataa ilmainen raskausp\u00e4iv\u00e4kirja joten voit kirjoittaa millainen vointisi on ollut viikosta viikkoon. P\u00e4iv\u00e4kirjan avulla voit muistaa raskausaikasi.","robots":{"index":"index","follow":"follow","max-snippet":"max-snippet:-1","max-image-preview":"max-image-preview:large","max-video-preview":"max-video-preview:-1"},"canonical":"https:\/\/erikalindstrom.com\/fi\/raskauspaivakirja\/","og_locale":"fi_FI","og_type":"article","og_title":"Raskausp\u00e4iv\u00e4kirja - Erika Lindstr\u00f6m Photography","og_description":"Lataa ilmainen raskausp\u00e4iv\u00e4kirja joten voit kirjoittaa millainen vointisi on ollut viikosta viikkoon. P\u00e4iv\u00e4kirjan avulla voit muistaa raskausaikasi.","og_url":"https:\/\/erikalindstrom.com\/fi\/raskauspaivakirja\/","og_site_name":"Erika Lindstr\u00f6m Photography","article_modified_time":"2026-04-20T16:38:29+00:00","og_image":[{"width":2048,"height":1365,"url":"https:\/\/erikalindstrom.com\/wp-content\/uploads\/2025\/07\/erikalindstromphoto_raskauskuvaus_Tamara_19.jpg","type":"image\/jpeg"}],"twitter_card":"summary_large_image","schema":{"@context":"https:\/\/schema.org","@graph":[{"@type":"WebPage","@id":"https:\/\/erikalindstrom.com\/fi\/raskauspaivakirja\/","url":"https:\/\/erikalindstrom.com\/fi\/raskauspaivakirja\/","name":"Raskausp\u00e4iv\u00e4kirja - Erika Lindstr\u00f6m Photography","isPartOf":{"@id":"https:\/\/erikalindstrom.com\/fi\/#website"},"primaryImageOfPage":{"@id":"https:\/\/erikalindstrom.com\/fi\/raskauspaivakirja\/#primaryimage"},"image":{"@id":"https:\/\/erikalindstrom.com\/fi\/raskauspaivakirja\/#primaryimage"},"thumbnailUrl":"https:\/\/erikalindstrom.com\/wp-content\/uploads\/2025\/07\/erikalindstromphoto_raskauskuvaus_Tamara_19-1024x683.jpg","datePublished":"2020-06-06T12:04:16+00:00","dateModified":"2026-04-20T16:38:29+00:00","description":"Lataa ilmainen raskausp\u00e4iv\u00e4kirja joten voit kirjoittaa millainen vointisi on ollut viikosta viikkoon. P\u00e4iv\u00e4kirjan avulla voit muistaa raskausaikasi.","breadcrumb":{"@id":"https:\/\/erikalindstrom.com\/fi\/raskauspaivakirja\/#breadcrumb"},"inLanguage":"fi","potentialAction":[{"@type":"ReadAction","target":["https:\/\/erikalindstrom.com\/fi\/raskauspaivakirja\/"]}]},{"@type":"ImageObject","inLanguage":"fi","@id":"https:\/\/erikalindstrom.com\/fi\/raskauspaivakirja\/#primaryimage","url":"https:\/\/erikalindstrom.com\/wp-content\/uploads\/2025\/07\/erikalindstromphoto_raskauskuvaus_Tamara_19-1024x683.jpg","contentUrl":"https:\/\/erikalindstrom.com\/wp-content\/uploads\/2025\/07\/erikalindstromphoto_raskauskuvaus_Tamara_19-1024x683.jpg"},{"@type":"BreadcrumbList","@id":"https:\/\/erikalindstrom.com\/fi\/raskauspaivakirja\/#breadcrumb","itemListElement":[{"@type":"ListItem","position":1,"name":"Home","item":"https:\/\/erikalindstrom.com\/fi\/"},{"@type":"ListItem","position":2,"name":"Raskausp\u00e4iv\u00e4kirja"}]},{"@type":"WebSite","@id":"https:\/\/erikalindstrom.com\/fi\/#website","url":"https:\/\/erikalindstrom.com\/fi\/","name":"Erika Lindstr\u00f6m Photography","description":"Raskauskuvaus J\u00e4rvenp\u00e4\u00e4","publisher":{"@id":"https:\/\/erikalindstrom.com\/fi\/#\/schema\/person\/6f87faae22d2f910a95bb014a34d4b08"},"potentialAction":[{"@type":"SearchAction","target":{"@type":"EntryPoint","urlTemplate":"https:\/\/erikalindstrom.com\/fi\/?s={search_term_string}"},"query-input":{"@type":"PropertyValueSpecification","valueRequired":true,"valueName":"search_term_string"}}],"inLanguage":"fi"},{"@type":["Person","Organization"],"@id":"https:\/\/erikalindstrom.com\/fi\/#\/schema\/person\/6f87faae22d2f910a95bb014a34d4b08","name":"ErikaLindstrom","image":{"@type":"ImageObject","inLanguage":"fi","@id":"https:\/\/erikalindstrom.com\/wp-content\/uploads\/2024\/09\/erikalindstromphoto_Raskauskuvaus_MarttaH_10_web.jpg","url":"https:\/\/erikalindstrom.com\/wp-content\/uploads\/2024\/09\/erikalindstromphoto_Raskauskuvaus_MarttaH_10_web.jpg","contentUrl":"https:\/\/erikalindstrom.com\/wp-content\/uploads\/2024\/09\/erikalindstromphoto_Raskauskuvaus_MarttaH_10_web.jpg","width":2048,"height":1365,"caption":"ErikaLindstrom"},"logo":{"@id":"https:\/\/erikalindstrom.com\/wp-content\/uploads\/2024\/09\/erikalindstromphoto_Raskauskuvaus_MarttaH_10_web.jpg"}}]}},"_links":{"self":[{"href":"https:\/\/erikalindstrom.com\/fi\/wp-json\/wp\/v2\/pages\/3420","targetHints":{"allow":["GET"]}}],"collection":[{"href":"https:\/\/erikalindstrom.com\/fi\/wp-json\/wp\/v2\/pages"}],"about":[{"href":"https:\/\/erikalindstrom.com\/fi\/wp-json\/wp\/v2\/types\/page"}],"author":[{"embeddable":true,"href":"https:\/\/erikalindstrom.com\/fi\/wp-json\/wp\/v2\/users\/1"}],"replies":[{"embeddable":true,"href":"https:\/\/erikalindstrom.com\/fi\/wp-json\/wp\/v2\/comments?post=3420"}],"version-history":[{"count":11,"href":"https:\/\/erikalindstrom.com\/fi\/wp-json\/wp\/v2\/pages\/3420\/revisions"}],"predecessor-version":[{"id":9233,"href":"https:\/\/erikalindstrom.com\/fi\/wp-json\/wp\/v2\/pages\/3420\/revisions\/9233"}],"wp:attachment":[{"href":"https:\/\/erikalindstrom.com\/fi\/wp-json\/wp\/v2\/media?parent=3420"}],"curies":[{"name":"wp","href":"https:\/\/api.w.org\/{rel}","templated":true}]}}