{"id":5194,"date":"2021-04-12T14:12:28","date_gmt":"2021-04-12T11:12:28","guid":{"rendered":"https:\/\/erikalindstrom.com\/minun-tili\/"},"modified":"2021-04-12T14:12:29","modified_gmt":"2021-04-12T11:12:29","slug":"minun-tili","status":"publish","type":"page","link":"https:\/\/erikalindstrom.com\/fi\/minun-tili\/","title":{"rendered":"Minun tili"},"content":{"rendered":"<div class=\"woocommerce\"><\/div>\n","protected":false},"excerpt":{"rendered":"","protected":false},"author":1,"featured_media":0,"parent":0,"menu_order":0,"comment_status":"closed","ping_status":"closed","template":"","meta":{"ocean_post_layout":"","ocean_both_sidebars_style":"","ocean_both_sidebars_content_width":0,"ocean_both_sidebars_sidebars_width":0,"ocean_sidebar":"","ocean_second_sidebar":"","ocean_disable_margins":"enable","ocean_add_body_class":"","ocean_shortcode_before_top_bar":"","ocean_shortcode_after_top_bar":"","ocean_shortcode_before_header":"","ocean_shortcode_after_header":"","ocean_has_shortcode":"","ocean_shortcode_after_title":"","ocean_shortcode_before_footer_widgets":"","ocean_shortcode_after_footer_widgets":"","ocean_shortcode_before_footer_bottom":"","ocean_shortcode_after_footer_bottom":"","ocean_display_top_bar":"default","ocean_display_header":"default","ocean_header_style":"","ocean_center_header_left_menu":"","ocean_custom_header_template":"","ocean_custom_logo":0,"ocean_custom_retina_logo":0,"ocean_custom_logo_max_width":0,"ocean_custom_logo_tablet_max_width":0,"ocean_custom_logo_mobile_max_width":0,"ocean_custom_logo_max_height":0,"ocean_custom_logo_tablet_max_height":0,"ocean_custom_logo_mobile_max_height":0,"ocean_header_custom_menu":"","ocean_menu_typo_font_family":"","ocean_menu_typo_font_subset":"","ocean_menu_typo_font_size":0,"ocean_menu_typo_font_size_tablet":0,"ocean_menu_typo_font_size_mobile":0,"ocean_menu_typo_font_size_unit":"px","ocean_menu_typo_font_weight":"","ocean_menu_typo_font_weight_tablet":"","ocean_menu_typo_font_weight_mobile":"","ocean_menu_typo_transform":"","ocean_menu_typo_transform_tablet":"","ocean_menu_typo_transform_mobile":"","ocean_menu_typo_line_height":0,"ocean_menu_typo_line_height_tablet":0,"ocean_menu_typo_line_height_mobile":0,"ocean_menu_typo_line_height_unit":"","ocean_menu_typo_spacing":0,"ocean_menu_typo_spacing_tablet":0,"ocean_menu_typo_spacing_mobile":0,"ocean_menu_typo_spacing_unit":"","ocean_menu_link_color":"","ocean_menu_link_color_hover":"","ocean_menu_link_color_active":"","ocean_menu_link_background":"","ocean_menu_link_hover_background":"","ocean_menu_link_active_background":"","ocean_menu_social_links_bg":"","ocean_menu_social_hover_links_bg":"","ocean_menu_social_links_color":"","ocean_menu_social_hover_links_color":"","ocean_disable_title":"default","ocean_disable_heading":"default","ocean_post_title":"","ocean_post_subheading":"","ocean_post_title_style":"","ocean_post_title_background_color":"","ocean_post_title_background":0,"ocean_post_title_bg_image_position":"","ocean_post_title_bg_image_attachment":"","ocean_post_title_bg_image_repeat":"","ocean_post_title_bg_image_size":"","ocean_post_title_height":0,"ocean_post_title_bg_overlay":0.5,"ocean_post_title_bg_overlay_color":"","ocean_disable_breadcrumbs":"default","ocean_breadcrumbs_color":"","ocean_breadcrumbs_separator_color":"","ocean_breadcrumbs_links_color":"","ocean_breadcrumbs_links_hover_color":"","ocean_display_footer_widgets":"default","ocean_display_footer_bottom":"default","ocean_custom_footer_template":"","footnotes":""},"class_list":["post-5194","page","type-page","status-publish","hentry","entry","owp-thumbs-layout-vertical","owp-btn-normal","owp-tabs-layout-horizontal","has-no-thumbnails","has-product-nav"],"yoast_head":"<!-- This site is optimized with the Yoast SEO plugin v27.5 - https:\/\/yoast.com\/product\/yoast-seo-wordpress\/ -->\n<title>Minun tili - Erika Lindstr\u00f6m Photography<\/title>\n<meta name=\"robots\" content=\"index, follow, max-snippet:-1, max-image-preview:large, max-video-preview:-1\" \/>\n<link rel=\"canonical\" href=\"https:\/\/erikalindstrom.com\/fi\/minun-tili\/\" \/>\n<meta property=\"og:locale\" content=\"fi_FI\" \/>\n<meta property=\"og:type\" content=\"article\" \/>\n<meta property=\"og:title\" content=\"Minun tili - Erika Lindstr\u00f6m Photography\" \/>\n<meta property=\"og:url\" content=\"https:\/\/erikalindstrom.com\/fi\/minun-tili\/\" \/>\n<meta property=\"og:site_name\" content=\"Erika Lindstr\u00f6m Photography\" \/>\n<meta property=\"article:modified_time\" content=\"2021-04-12T11:12:29+00:00\" \/>\n<meta name=\"twitter:card\" content=\"summary_large_image\" \/>\n<script type=\"application\/ld+json\" class=\"yoast-schema-graph\">{\"@context\":\"https:\\\/\\\/schema.org\",\"@graph\":[{\"@type\":\"WebPage\",\"@id\":\"https:\\\/\\\/erikalindstrom.com\\\/fi\\\/minun-tili\\\/\",\"url\":\"https:\\\/\\\/erikalindstrom.com\\\/fi\\\/minun-tili\\\/\",\"name\":\"Minun tili - Erika Lindstr\u00f6m Photography\",\"isPartOf\":{\"@id\":\"https:\\\/\\\/erikalindstrom.com\\\/fi\\\/#website\"},\"datePublished\":\"2021-04-12T11:12:28+00:00\",\"dateModified\":\"2021-04-12T11:12:29+00:00\",\"breadcrumb\":{\"@id\":\"https:\\\/\\\/erikalindstrom.com\\\/fi\\\/minun-tili\\\/#breadcrumb\"},\"inLanguage\":\"fi\",\"potentialAction\":[{\"@type\":\"ReadAction\",\"target\":[\"https:\\\/\\\/erikalindstrom.com\\\/fi\\\/minun-tili\\\/\"]}]},{\"@type\":\"BreadcrumbList\",\"@id\":\"https:\\\/\\\/erikalindstrom.com\\\/fi\\\/minun-tili\\\/#breadcrumb\",\"itemListElement\":[{\"@type\":\"ListItem\",\"position\":1,\"name\":\"Home\",\"item\":\"https:\\\/\\\/erikalindstrom.com\\\/fi\\\/\"},{\"@type\":\"ListItem\",\"position\":2,\"name\":\"Minun tili\"}]},{\"@type\":\"WebSite\",\"@id\":\"https:\\\/\\\/erikalindstrom.com\\\/fi\\\/#website\",\"url\":\"https:\\\/\\\/erikalindstrom.com\\\/fi\\\/\",\"name\":\"Erika Lindstr\u00f6m Photography\",\"description\":\"Raskauskuvaus J\u00e4rvenp\u00e4\u00e4\",\"publisher\":{\"@id\":\"https:\\\/\\\/erikalindstrom.com\\\/fi\\\/#\\\/schema\\\/person\\\/6f87faae22d2f910a95bb014a34d4b08\"},\"potentialAction\":[{\"@type\":\"SearchAction\",\"target\":{\"@type\":\"EntryPoint\",\"urlTemplate\":\"https:\\\/\\\/erikalindstrom.com\\\/fi\\\/?s={search_term_string}\"},\"query-input\":{\"@type\":\"PropertyValueSpecification\",\"valueRequired\":true,\"valueName\":\"search_term_string\"}}],\"inLanguage\":\"fi\"},{\"@type\":[\"Person\",\"Organization\"],\"@id\":\"https:\\\/\\\/erikalindstrom.com\\\/fi\\\/#\\\/schema\\\/person\\\/6f87faae22d2f910a95bb014a34d4b08\",\"name\":\"ErikaLindstrom\",\"image\":{\"@type\":\"ImageObject\",\"inLanguage\":\"fi\",\"@id\":\"https:\\\/\\\/erikalindstrom.com\\\/wp-content\\\/uploads\\\/2024\\\/09\\\/erikalindstromphoto_Raskauskuvaus_MarttaH_10_web.jpg\",\"url\":\"https:\\\/\\\/erikalindstrom.com\\\/wp-content\\\/uploads\\\/2024\\\/09\\\/erikalindstromphoto_Raskauskuvaus_MarttaH_10_web.jpg\",\"contentUrl\":\"https:\\\/\\\/erikalindstrom.com\\\/wp-content\\\/uploads\\\/2024\\\/09\\\/erikalindstromphoto_Raskauskuvaus_MarttaH_10_web.jpg\",\"width\":2048,\"height\":1365,\"caption\":\"ErikaLindstrom\"},\"logo\":{\"@id\":\"https:\\\/\\\/erikalindstrom.com\\\/wp-content\\\/uploads\\\/2024\\\/09\\\/erikalindstromphoto_Raskauskuvaus_MarttaH_10_web.jpg\"}}]}<\/script>\n<!-- \/ Yoast SEO plugin. -->","yoast_head_json":{"title":"Minun tili - Erika Lindstr\u00f6m Photography","robots":{"index":"index","follow":"follow","max-snippet":"max-snippet:-1","max-image-preview":"max-image-preview:large","max-video-preview":"max-video-preview:-1"},"canonical":"https:\/\/erikalindstrom.com\/fi\/minun-tili\/","og_locale":"fi_FI","og_type":"article","og_title":"Minun tili - Erika Lindstr\u00f6m Photography","og_url":"https:\/\/erikalindstrom.com\/fi\/minun-tili\/","og_site_name":"Erika Lindstr\u00f6m Photography","article_modified_time":"2021-04-12T11:12:29+00:00","twitter_card":"summary_large_image","schema":{"@context":"https:\/\/schema.org","@graph":[{"@type":"WebPage","@id":"https:\/\/erikalindstrom.com\/fi\/minun-tili\/","url":"https:\/\/erikalindstrom.com\/fi\/minun-tili\/","name":"Minun tili - Erika Lindstr\u00f6m Photography","isPartOf":{"@id":"https:\/\/erikalindstrom.com\/fi\/#website"},"datePublished":"2021-04-12T11:12:28+00:00","dateModified":"2021-04-12T11:12:29+00:00","breadcrumb":{"@id":"https:\/\/erikalindstrom.com\/fi\/minun-tili\/#breadcrumb"},"inLanguage":"fi","potentialAction":[{"@type":"ReadAction","target":["https:\/\/erikalindstrom.com\/fi\/minun-tili\/"]}]},{"@type":"BreadcrumbList","@id":"https:\/\/erikalindstrom.com\/fi\/minun-tili\/#breadcrumb","itemListElement":[{"@type":"ListItem","position":1,"name":"Home","item":"https:\/\/erikalindstrom.com\/fi\/"},{"@type":"ListItem","position":2,"name":"Minun tili"}]},{"@type":"WebSite","@id":"https:\/\/erikalindstrom.com\/fi\/#website","url":"https:\/\/erikalindstrom.com\/fi\/","name":"Erika Lindstr\u00f6m Photography","description":"Raskauskuvaus J\u00e4rvenp\u00e4\u00e4","publisher":{"@id":"https:\/\/erikalindstrom.com\/fi\/#\/schema\/person\/6f87faae22d2f910a95bb014a34d4b08"},"potentialAction":[{"@type":"SearchAction","target":{"@type":"EntryPoint","urlTemplate":"https:\/\/erikalindstrom.com\/fi\/?s={search_term_string}"},"query-input":{"@type":"PropertyValueSpecification","valueRequired":true,"valueName":"search_term_string"}}],"inLanguage":"fi"},{"@type":["Person","Organization"],"@id":"https:\/\/erikalindstrom.com\/fi\/#\/schema\/person\/6f87faae22d2f910a95bb014a34d4b08","name":"ErikaLindstrom","image":{"@type":"ImageObject","inLanguage":"fi","@id":"https:\/\/erikalindstrom.com\/wp-content\/uploads\/2024\/09\/erikalindstromphoto_Raskauskuvaus_MarttaH_10_web.jpg","url":"https:\/\/erikalindstrom.com\/wp-content\/uploads\/2024\/09\/erikalindstromphoto_Raskauskuvaus_MarttaH_10_web.jpg","contentUrl":"https:\/\/erikalindstrom.com\/wp-content\/uploads\/2024\/09\/erikalindstromphoto_Raskauskuvaus_MarttaH_10_web.jpg","width":2048,"height":1365,"caption":"ErikaLindstrom"},"logo":{"@id":"https:\/\/erikalindstrom.com\/wp-content\/uploads\/2024\/09\/erikalindstromphoto_Raskauskuvaus_MarttaH_10_web.jpg"}}]}},"_links":{"self":[{"href":"https:\/\/erikalindstrom.com\/fi\/wp-json\/wp\/v2\/pages\/5194","targetHints":{"allow":["GET"]}}],"collection":[{"href":"https:\/\/erikalindstrom.com\/fi\/wp-json\/wp\/v2\/pages"}],"about":[{"href":"https:\/\/erikalindstrom.com\/fi\/wp-json\/wp\/v2\/types\/page"}],"author":[{"embeddable":true,"href":"https:\/\/erikalindstrom.com\/fi\/wp-json\/wp\/v2\/users\/1"}],"replies":[{"embeddable":true,"href":"https:\/\/erikalindstrom.com\/fi\/wp-json\/wp\/v2\/comments?post=5194"}],"version-history":[{"count":3,"href":"https:\/\/erikalindstrom.com\/fi\/wp-json\/wp\/v2\/pages\/5194\/revisions"}],"predecessor-version":[{"id":5197,"href":"https:\/\/erikalindstrom.com\/fi\/wp-json\/wp\/v2\/pages\/5194\/revisions\/5197"}],"wp:attachment":[{"href":"https:\/\/erikalindstrom.com\/fi\/wp-json\/wp\/v2\/media?parent=5194"}],"curies":[{"name":"wp","href":"https:\/\/api.w.org\/{rel}","templated":true}]}}