{"id":7618,"date":"2024-10-13T12:41:41","date_gmt":"2024-10-13T09:41:41","guid":{"rendered":"https:\/\/erikalindstrom.com\/?page_id=7618"},"modified":"2024-10-13T12:48:53","modified_gmt":"2024-10-13T09:48:53","slug":"raw-opas-lataussivu","status":"publish","type":"page","link":"https:\/\/erikalindstrom.com\/fi\/raw-opas-lataussivu\/","title":{"rendered":"Raw-opas lataussivu"},"content":{"rendered":"\t\t<div data-elementor-type=\"wp-page\" data-elementor-id=\"7618\" class=\"elementor elementor-7618\" data-elementor-post-type=\"page\">\n\t\t\t\t\t\t<section class=\"elementor-section elementor-top-section elementor-element elementor-element-3f1f402c elementor-section-stretched elementor-section-full_width elementor-section-height-min-height elementor-section-height-default elementor-section-items-middle\" data-id=\"3f1f402c\" data-element_type=\"section\" data-settings=\"{&quot;stretch_section&quot;:&quot;section-stretched&quot;,&quot;background_background&quot;:&quot;classic&quot;}\">\n\t\t\t\t\t\t<div class=\"elementor-container elementor-column-gap-default\">\n\t\t\t\t\t<div class=\"elementor-column elementor-col-100 elementor-top-column elementor-element elementor-element-97c5002\" data-id=\"97c5002\" data-element_type=\"column\">\n\t\t\t<div class=\"elementor-widget-wrap\">\n\t\t\t\t\t\t\t<\/div>\n\t\t<\/div>\n\t\t\t\t\t<\/div>\n\t\t<\/section>\n\t\t\t\t<section class=\"elementor-section elementor-top-section elementor-element elementor-element-27ce5638 elementor-section-stretched elementor-section-full_width elementor-section-height-default elementor-section-height-default\" data-id=\"27ce5638\" data-element_type=\"section\" data-settings=\"{&quot;stretch_section&quot;:&quot;section-stretched&quot;}\">\n\t\t\t\t\t\t<div class=\"elementor-container elementor-column-gap-default\">\n\t\t\t\t\t<div class=\"elementor-column elementor-col-100 elementor-top-column elementor-element elementor-element-6b08c905\" data-id=\"6b08c905\" data-element_type=\"column\">\n\t\t\t<div class=\"elementor-widget-wrap elementor-element-populated\">\n\t\t\t\t\t\t<div class=\"elementor-element elementor-element-5fe23ecc elementor-widget elementor-widget-heading\" data-id=\"5fe23ecc\" data-element_type=\"widget\" data-widget_type=\"heading.default\">\n\t\t\t\t<div class=\"elementor-widget-container\">\n\t\t\t\t\t<h2 class=\"elementor-heading-title elementor-size-xl\"><a href=\"http:\/\/www.erikalindstrom.com\/presentkort\">Optimaalinen RAW-kuva: \nKuinka saat kaiken irti kamerastasi<\/a><\/h2>\t\t\t\t<\/div>\n\t\t\t\t<\/div>\n\t\t\t\t<div class=\"elementor-element elementor-element-550f950 elementor-widget elementor-widget-text-editor\" data-id=\"550f950\" data-element_type=\"widget\" data-widget_type=\"text-editor.default\">\n\t\t\t\t<div class=\"elementor-widget-container\">\n\t\t\t\t\t\t\t\t\t<p><a href=\"https:\/\/www.dropbox.com\/scl\/fi\/t4jd6tno5qbreryac16cw\/Optimaalinen-RAW-kuva.pdf?rlkey=6ytn4q8mht4dwvvepwch0i05c&amp;dl=0\"><span style=\"text-decoration: underline;\">Lataa opas t\u00e4\u00e4lt\u00e4<\/span><\/a><\/p>\t\t\t\t\t\t\t\t<\/div>\n\t\t\t\t<\/div>\n\t\t\t\t\t<\/div>\n\t\t<\/div>\n\t\t\t\t\t<\/div>\n\t\t<\/section>\n\t\t\t\t<\/div>\n\t\t","protected":false},"excerpt":{"rendered":"<p>Optimaalinen RAW-kuva: Kuinka saat kaiken irti kamerastasi Lataa opas t\u00e4\u00e4lt\u00e4<\/p>\n","protected":false},"author":1,"featured_media":0,"parent":0,"menu_order":0,"comment_status":"closed","ping_status":"closed","template":"","meta":{"ocean_post_layout":"","ocean_both_sidebars_style":"","ocean_both_sidebars_content_width":0,"ocean_both_sidebars_sidebars_width":0,"ocean_sidebar":"","ocean_second_sidebar":"","ocean_disable_margins":"enable","ocean_add_body_class":"","ocean_shortcode_before_top_bar":"","ocean_shortcode_after_top_bar":"","ocean_shortcode_before_header":"","ocean_shortcode_after_header":"","ocean_has_shortcode":"","ocean_shortcode_after_title":"","ocean_shortcode_before_footer_widgets":"","ocean_shortcode_after_footer_widgets":"","ocean_shortcode_before_footer_bottom":"","ocean_shortcode_after_footer_bottom":"","ocean_display_top_bar":"default","ocean_display_header":"default","ocean_header_style":"","ocean_center_header_left_menu":"","ocean_custom_header_template":"","ocean_custom_logo":0,"ocean_custom_retina_logo":0,"ocean_custom_logo_max_width":0,"ocean_custom_logo_tablet_max_width":0,"ocean_custom_logo_mobile_max_width":0,"ocean_custom_logo_max_height":0,"ocean_custom_logo_tablet_max_height":0,"ocean_custom_logo_mobile_max_height":0,"ocean_header_custom_menu":"","ocean_menu_typo_font_family":"","ocean_menu_typo_font_subset":"","ocean_menu_typo_font_size":0,"ocean_menu_typo_font_size_tablet":0,"ocean_menu_typo_font_size_mobile":0,"ocean_menu_typo_font_size_unit":"px","ocean_menu_typo_font_weight":"","ocean_menu_typo_font_weight_tablet":"","ocean_menu_typo_font_weight_mobile":"","ocean_menu_typo_transform":"","ocean_menu_typo_transform_tablet":"","ocean_menu_typo_transform_mobile":"","ocean_menu_typo_line_height":0,"ocean_menu_typo_line_height_tablet":0,"ocean_menu_typo_line_height_mobile":0,"ocean_menu_typo_line_height_unit":"","ocean_menu_typo_spacing":0,"ocean_menu_typo_spacing_tablet":0,"ocean_menu_typo_spacing_mobile":0,"ocean_menu_typo_spacing_unit":"","ocean_menu_link_color":"","ocean_menu_link_color_hover":"","ocean_menu_link_color_active":"","ocean_menu_link_background":"","ocean_menu_link_hover_background":"","ocean_menu_link_active_background":"","ocean_menu_social_links_bg":"","ocean_menu_social_hover_links_bg":"","ocean_menu_social_links_color":"","ocean_menu_social_hover_links_color":"","ocean_disable_title":"on","ocean_disable_heading":"default","ocean_post_title":"","ocean_post_subheading":"","ocean_post_title_style":"","ocean_post_title_background_color":"","ocean_post_title_background":0,"ocean_post_title_bg_image_position":"","ocean_post_title_bg_image_attachment":"","ocean_post_title_bg_image_repeat":"","ocean_post_title_bg_image_size":"","ocean_post_title_height":0,"ocean_post_title_bg_overlay":0.5,"ocean_post_title_bg_overlay_color":"","ocean_disable_breadcrumbs":"default","ocean_breadcrumbs_color":"","ocean_breadcrumbs_separator_color":"","ocean_breadcrumbs_links_color":"","ocean_breadcrumbs_links_hover_color":"","ocean_display_footer_widgets":"default","ocean_display_footer_bottom":"default","ocean_custom_footer_template":"","footnotes":""},"class_list":["post-7618","page","type-page","status-publish","hentry","entry","owp-thumbs-layout-vertical","owp-btn-normal","owp-tabs-layout-horizontal","has-no-thumbnails","has-product-nav"],"yoast_head":"<!-- This site is optimized with the Yoast SEO plugin v27.4 - https:\/\/yoast.com\/product\/yoast-seo-wordpress\/ -->\n<title>Raw-opas lataussivu - Erika Lindstr\u00f6m Photography<\/title>\n<meta name=\"description\" content=\"Raw-oppaan lataussivu.\" \/>\n<meta name=\"robots\" content=\"index, follow, max-snippet:-1, max-image-preview:large, max-video-preview:-1\" \/>\n<link rel=\"canonical\" href=\"https:\/\/erikalindstrom.com\/fi\/raw-opas-lataussivu\/\" \/>\n<meta property=\"og:locale\" content=\"fi_FI\" \/>\n<meta property=\"og:type\" content=\"article\" \/>\n<meta property=\"og:title\" content=\"Raw-opas lataussivu - Erika Lindstr\u00f6m Photography\" \/>\n<meta property=\"og:description\" content=\"Raw-oppaan lataussivu.\" \/>\n<meta property=\"og:url\" content=\"https:\/\/erikalindstrom.com\/fi\/raw-opas-lataussivu\/\" \/>\n<meta property=\"og:site_name\" content=\"Erika Lindstr\u00f6m Photography\" \/>\n<meta property=\"article:modified_time\" content=\"2024-10-13T09:48:53+00:00\" \/>\n<meta name=\"twitter:card\" content=\"summary_large_image\" \/>\n<meta name=\"twitter:label1\" content=\"Arvioitu lukuaika\" \/>\n\t<meta name=\"twitter:data1\" content=\"1 minuutti\" \/>\n<script type=\"application\/ld+json\" class=\"yoast-schema-graph\">{\"@context\":\"https:\\\/\\\/schema.org\",\"@graph\":[{\"@type\":\"WebPage\",\"@id\":\"https:\\\/\\\/erikalindstrom.com\\\/fi\\\/raw-opas-lataussivu\\\/\",\"url\":\"https:\\\/\\\/erikalindstrom.com\\\/fi\\\/raw-opas-lataussivu\\\/\",\"name\":\"Raw-opas lataussivu - Erika Lindstr\u00f6m Photography\",\"isPartOf\":{\"@id\":\"https:\\\/\\\/erikalindstrom.com\\\/fi\\\/#website\"},\"datePublished\":\"2024-10-13T09:41:41+00:00\",\"dateModified\":\"2024-10-13T09:48:53+00:00\",\"description\":\"Raw-oppaan lataussivu.\",\"breadcrumb\":{\"@id\":\"https:\\\/\\\/erikalindstrom.com\\\/fi\\\/raw-opas-lataussivu\\\/#breadcrumb\"},\"inLanguage\":\"fi\",\"potentialAction\":[{\"@type\":\"ReadAction\",\"target\":[\"https:\\\/\\\/erikalindstrom.com\\\/fi\\\/raw-opas-lataussivu\\\/\"]}]},{\"@type\":\"BreadcrumbList\",\"@id\":\"https:\\\/\\\/erikalindstrom.com\\\/fi\\\/raw-opas-lataussivu\\\/#breadcrumb\",\"itemListElement\":[{\"@type\":\"ListItem\",\"position\":1,\"name\":\"Home\",\"item\":\"https:\\\/\\\/erikalindstrom.com\\\/fi\\\/raskauskuvaus\\\/\"},{\"@type\":\"ListItem\",\"position\":2,\"name\":\"Raw-opas lataussivu\"}]},{\"@type\":\"WebSite\",\"@id\":\"https:\\\/\\\/erikalindstrom.com\\\/fi\\\/#website\",\"url\":\"https:\\\/\\\/erikalindstrom.com\\\/fi\\\/\",\"name\":\"Erika Lindstr\u00f6m Photography\",\"description\":\"Raskauskuvaus J\u00e4rvenp\u00e4\u00e4\",\"publisher\":{\"@id\":\"https:\\\/\\\/erikalindstrom.com\\\/fi\\\/#\\\/schema\\\/person\\\/6f87faae22d2f910a95bb014a34d4b08\"},\"potentialAction\":[{\"@type\":\"SearchAction\",\"target\":{\"@type\":\"EntryPoint\",\"urlTemplate\":\"https:\\\/\\\/erikalindstrom.com\\\/fi\\\/?s={search_term_string}\"},\"query-input\":{\"@type\":\"PropertyValueSpecification\",\"valueRequired\":true,\"valueName\":\"search_term_string\"}}],\"inLanguage\":\"fi\"},{\"@type\":[\"Person\",\"Organization\"],\"@id\":\"https:\\\/\\\/erikalindstrom.com\\\/fi\\\/#\\\/schema\\\/person\\\/6f87faae22d2f910a95bb014a34d4b08\",\"name\":\"ErikaLindstrom\",\"image\":{\"@type\":\"ImageObject\",\"inLanguage\":\"fi\",\"@id\":\"https:\\\/\\\/erikalindstrom.com\\\/wp-content\\\/uploads\\\/2024\\\/09\\\/erikalindstromphoto_Raskauskuvaus_MarttaH_10_web.jpg\",\"url\":\"https:\\\/\\\/erikalindstrom.com\\\/wp-content\\\/uploads\\\/2024\\\/09\\\/erikalindstromphoto_Raskauskuvaus_MarttaH_10_web.jpg\",\"contentUrl\":\"https:\\\/\\\/erikalindstrom.com\\\/wp-content\\\/uploads\\\/2024\\\/09\\\/erikalindstromphoto_Raskauskuvaus_MarttaH_10_web.jpg\",\"width\":2048,\"height\":1365,\"caption\":\"ErikaLindstrom\"},\"logo\":{\"@id\":\"https:\\\/\\\/erikalindstrom.com\\\/wp-content\\\/uploads\\\/2024\\\/09\\\/erikalindstromphoto_Raskauskuvaus_MarttaH_10_web.jpg\"}}]}<\/script>\n<!-- \/ Yoast SEO plugin. -->","yoast_head_json":{"title":"Raw-opas lataussivu - Erika Lindstr\u00f6m Photography","description":"Raw-oppaan lataussivu.","robots":{"index":"index","follow":"follow","max-snippet":"max-snippet:-1","max-image-preview":"max-image-preview:large","max-video-preview":"max-video-preview:-1"},"canonical":"https:\/\/erikalindstrom.com\/fi\/raw-opas-lataussivu\/","og_locale":"fi_FI","og_type":"article","og_title":"Raw-opas lataussivu - Erika Lindstr\u00f6m Photography","og_description":"Raw-oppaan lataussivu.","og_url":"https:\/\/erikalindstrom.com\/fi\/raw-opas-lataussivu\/","og_site_name":"Erika Lindstr\u00f6m Photography","article_modified_time":"2024-10-13T09:48:53+00:00","twitter_card":"summary_large_image","twitter_misc":{"Arvioitu lukuaika":"1 minuutti"},"schema":{"@context":"https:\/\/schema.org","@graph":[{"@type":"WebPage","@id":"https:\/\/erikalindstrom.com\/fi\/raw-opas-lataussivu\/","url":"https:\/\/erikalindstrom.com\/fi\/raw-opas-lataussivu\/","name":"Raw-opas lataussivu - Erika Lindstr\u00f6m Photography","isPartOf":{"@id":"https:\/\/erikalindstrom.com\/fi\/#website"},"datePublished":"2024-10-13T09:41:41+00:00","dateModified":"2024-10-13T09:48:53+00:00","description":"Raw-oppaan lataussivu.","breadcrumb":{"@id":"https:\/\/erikalindstrom.com\/fi\/raw-opas-lataussivu\/#breadcrumb"},"inLanguage":"fi","potentialAction":[{"@type":"ReadAction","target":["https:\/\/erikalindstrom.com\/fi\/raw-opas-lataussivu\/"]}]},{"@type":"BreadcrumbList","@id":"https:\/\/erikalindstrom.com\/fi\/raw-opas-lataussivu\/#breadcrumb","itemListElement":[{"@type":"ListItem","position":1,"name":"Home","item":"https:\/\/erikalindstrom.com\/fi\/raskauskuvaus\/"},{"@type":"ListItem","position":2,"name":"Raw-opas lataussivu"}]},{"@type":"WebSite","@id":"https:\/\/erikalindstrom.com\/fi\/#website","url":"https:\/\/erikalindstrom.com\/fi\/","name":"Erika Lindstr\u00f6m Photography","description":"Raskauskuvaus J\u00e4rvenp\u00e4\u00e4","publisher":{"@id":"https:\/\/erikalindstrom.com\/fi\/#\/schema\/person\/6f87faae22d2f910a95bb014a34d4b08"},"potentialAction":[{"@type":"SearchAction","target":{"@type":"EntryPoint","urlTemplate":"https:\/\/erikalindstrom.com\/fi\/?s={search_term_string}"},"query-input":{"@type":"PropertyValueSpecification","valueRequired":true,"valueName":"search_term_string"}}],"inLanguage":"fi"},{"@type":["Person","Organization"],"@id":"https:\/\/erikalindstrom.com\/fi\/#\/schema\/person\/6f87faae22d2f910a95bb014a34d4b08","name":"ErikaLindstrom","image":{"@type":"ImageObject","inLanguage":"fi","@id":"https:\/\/erikalindstrom.com\/wp-content\/uploads\/2024\/09\/erikalindstromphoto_Raskauskuvaus_MarttaH_10_web.jpg","url":"https:\/\/erikalindstrom.com\/wp-content\/uploads\/2024\/09\/erikalindstromphoto_Raskauskuvaus_MarttaH_10_web.jpg","contentUrl":"https:\/\/erikalindstrom.com\/wp-content\/uploads\/2024\/09\/erikalindstromphoto_Raskauskuvaus_MarttaH_10_web.jpg","width":2048,"height":1365,"caption":"ErikaLindstrom"},"logo":{"@id":"https:\/\/erikalindstrom.com\/wp-content\/uploads\/2024\/09\/erikalindstromphoto_Raskauskuvaus_MarttaH_10_web.jpg"}}]}},"_links":{"self":[{"href":"https:\/\/erikalindstrom.com\/fi\/wp-json\/wp\/v2\/pages\/7618","targetHints":{"allow":["GET"]}}],"collection":[{"href":"https:\/\/erikalindstrom.com\/fi\/wp-json\/wp\/v2\/pages"}],"about":[{"href":"https:\/\/erikalindstrom.com\/fi\/wp-json\/wp\/v2\/types\/page"}],"author":[{"embeddable":true,"href":"https:\/\/erikalindstrom.com\/fi\/wp-json\/wp\/v2\/users\/1"}],"replies":[{"embeddable":true,"href":"https:\/\/erikalindstrom.com\/fi\/wp-json\/wp\/v2\/comments?post=7618"}],"version-history":[{"count":8,"href":"https:\/\/erikalindstrom.com\/fi\/wp-json\/wp\/v2\/pages\/7618\/revisions"}],"predecessor-version":[{"id":7630,"href":"https:\/\/erikalindstrom.com\/fi\/wp-json\/wp\/v2\/pages\/7618\/revisions\/7630"}],"wp:attachment":[{"href":"https:\/\/erikalindstrom.com\/fi\/wp-json\/wp\/v2\/media?parent=7618"}],"curies":[{"name":"wp","href":"https:\/\/api.w.org\/{rel}","templated":true}]}}