{"id":8208,"date":"2025-03-27T14:43:46","date_gmt":"2025-03-27T12:43:46","guid":{"rendered":"https:\/\/erikalindstrom.com\/ikuista-raskausvatsasi-viikko-viikolta\/"},"modified":"2025-07-21T11:00:22","modified_gmt":"2025-07-21T08:00:22","slug":"ikuista-raskausvatsasi-viikko-viikolta","status":"publish","type":"page","link":"https:\/\/erikalindstrom.com\/fi\/ikuista-raskausvatsasi-viikko-viikolta\/","title":{"rendered":"Ikuista raskausvatsasi viikko viikolta"},"content":{"rendered":"\t\t<div data-elementor-type=\"wp-page\" data-elementor-id=\"8208\" class=\"elementor elementor-8208 elementor-8100\" data-elementor-post-type=\"page\">\n\t\t\t\t\t\t<section class=\"elementor-section elementor-top-section elementor-element elementor-element-17773e75 elementor-section-stretched elementor-section-full_width elementor-section-height-min-height elementor-section-height-default elementor-section-items-middle\" data-id=\"17773e75\" data-element_type=\"section\" data-settings=\"{&quot;stretch_section&quot;:&quot;section-stretched&quot;,&quot;background_background&quot;:&quot;classic&quot;}\">\n\t\t\t\t\t\t<div class=\"elementor-container elementor-column-gap-default\">\n\t\t\t\t\t<div class=\"elementor-column elementor-col-100 elementor-top-column elementor-element elementor-element-4c3e84e4\" data-id=\"4c3e84e4\" data-element_type=\"column\">\n\t\t\t<div class=\"elementor-widget-wrap\">\n\t\t\t\t\t\t\t<\/div>\n\t\t<\/div>\n\t\t\t\t\t<\/div>\n\t\t<\/section>\n\t\t\t\t<section class=\"elementor-section elementor-top-section elementor-element elementor-element-3c17929a elementor-section-stretched elementor-section-full_width elementor-section-height-default elementor-section-height-default\" data-id=\"3c17929a\" data-element_type=\"section\" data-settings=\"{&quot;stretch_section&quot;:&quot;section-stretched&quot;}\">\n\t\t\t\t\t\t<div class=\"elementor-container elementor-column-gap-default\">\n\t\t\t\t\t<div class=\"elementor-column elementor-col-100 elementor-top-column elementor-element elementor-element-5fad16c4\" data-id=\"5fad16c4\" data-element_type=\"column\">\n\t\t\t<div class=\"elementor-widget-wrap elementor-element-populated\">\n\t\t\t\t\t\t<div class=\"elementor-element elementor-element-27851fa3 elementor-widget elementor-widget-heading\" data-id=\"27851fa3\" data-element_type=\"widget\" data-widget_type=\"heading.default\">\n\t\t\t\t<div class=\"elementor-widget-container\">\n\t\t\t\t\t<h2 class=\"elementor-heading-title elementor-size-xl\"><a href=\"http:\/\/www.erikalindstrom.com\/lahjakortti\">Ikuista raskausvatsasi viikko viikolta<\/a><\/h2>\t\t\t\t<\/div>\n\t\t\t\t<\/div>\n\t\t\t\t\t<\/div>\n\t\t<\/div>\n\t\t\t\t\t<\/div>\n\t\t<\/section>\n\t\t\t\t<section class=\"elementor-section elementor-top-section elementor-element elementor-element-4a943d95 elementor-section-boxed elementor-section-height-default elementor-section-height-default\" data-id=\"4a943d95\" data-element_type=\"section\">\n\t\t\t\t\t\t<div class=\"elementor-container elementor-column-gap-default\">\n\t\t\t\t\t<div class=\"elementor-column elementor-col-50 elementor-top-column elementor-element elementor-element-6f117402\" data-id=\"6f117402\" data-element_type=\"column\">\n\t\t\t<div class=\"elementor-widget-wrap elementor-element-populated\">\n\t\t\t\t\t\t<div class=\"elementor-element elementor-element-2dc20157 elementor-widget elementor-widget-text-editor\" data-id=\"2dc20157\" data-element_type=\"widget\" data-widget_type=\"text-editor.default\">\n\t\t\t\t<div class=\"elementor-widget-container\">\n\t\t\t\t\t\t\t\t\t<p class=\"\" data-start=\"47\" data-end=\"255\">Raskaus on ainutlaatuinen matka, ja sen muutokset ansaitsevat tulla ikuisiksi.<\/p><p class=\"\" data-start=\"47\" data-end=\"255\">T\u00e4m\u00e4n oppaan avulla voit helposti luoda oman raskauskuvasarjan \u2013 askel askeleelta, rennosti.<\/p><p class=\"\" data-start=\"257\" data-end=\"555\">Lataa selke\u00e4t ohjeet, joiden avulla voit valita t\u00e4ydellisen paikan, l\u00f6yt\u00e4\u00e4 luonnonvalon ja vangita kasvavan vatsasi kauniisti.<\/p><p class=\"\" data-start=\"257\" data-end=\"555\">Pienill\u00e4 mutta harkituilla valinnoilla luot sarjan kuvia, jotka seuraavat sinua raskauden aikana ja muistuttavat sinua ajasta, jolloin odotit pient\u00e4 ihmett\u00e4si.<\/p><p class=\"\" data-start=\"557\" data-end=\"618\">Lataa alla oleva opas ja aloita raskauden muiston s\u00e4ilytt\u00e4minen.<\/p>\t\t\t\t\t\t\t\t<\/div>\n\t\t\t\t<\/div>\n\t\t\t\t\t<\/div>\n\t\t<\/div>\n\t\t\t\t<div class=\"elementor-column elementor-col-50 elementor-top-column elementor-element elementor-element-2a094a41\" data-id=\"2a094a41\" data-element_type=\"column\">\n\t\t\t<div class=\"elementor-widget-wrap elementor-element-populated\">\n\t\t\t\t\t\t<div class=\"elementor-element elementor-element-578de9d9 elementor-widget elementor-widget-image\" data-id=\"578de9d9\" data-element_type=\"widget\" data-widget_type=\"image.default\">\n\t\t\t\t<div class=\"elementor-widget-container\">\n\t\t\t\t\t\t\t\t\t\t\t\t\t\t\t<img fetchpriority=\"high\" decoding=\"async\" width=\"683\" height=\"1024\" src=\"https:\/\/erikalindstrom.com\/wp-content\/uploads\/2024\/09\/erikalindstromphoto_Raskauskuvaus_MarttaH_32_web-683x1024.jpg\" class=\"attachment-large size-large wp-image-7379\" alt=\"\" srcset=\"https:\/\/erikalindstrom.com\/wp-content\/uploads\/2024\/09\/erikalindstromphoto_Raskauskuvaus_MarttaH_32_web-683x1024.jpg 683w, https:\/\/erikalindstrom.com\/wp-content\/uploads\/2024\/09\/erikalindstromphoto_Raskauskuvaus_MarttaH_32_web-200x300.jpg 200w, https:\/\/erikalindstrom.com\/wp-content\/uploads\/2024\/09\/erikalindstromphoto_Raskauskuvaus_MarttaH_32_web-768x1152.jpg 768w, https:\/\/erikalindstrom.com\/wp-content\/uploads\/2024\/09\/erikalindstromphoto_Raskauskuvaus_MarttaH_32_web-1024x1536.jpg 1024w, https:\/\/erikalindstrom.com\/wp-content\/uploads\/2024\/09\/erikalindstromphoto_Raskauskuvaus_MarttaH_32_web-1365x2048.jpg 1365w, https:\/\/erikalindstrom.com\/wp-content\/uploads\/2024\/09\/erikalindstromphoto_Raskauskuvaus_MarttaH_32_web-600x900.jpg 600w, https:\/\/erikalindstrom.com\/wp-content\/uploads\/2024\/09\/erikalindstromphoto_Raskauskuvaus_MarttaH_32_web-scaled.jpg 1707w\" sizes=\"(max-width: 683px) 100vw, 683px\" \/>\t\t\t\t\t\t\t\t\t\t\t\t\t\t\t<\/div>\n\t\t\t\t<\/div>\n\t\t\t\t\t<\/div>\n\t\t<\/div>\n\t\t\t\t\t<\/div>\n\t\t<\/section>\n\t\t\t\t<section class=\"elementor-section elementor-top-section elementor-element elementor-element-1fdb7c7a elementor-section-boxed elementor-section-height-default elementor-section-height-default\" data-id=\"1fdb7c7a\" data-element_type=\"section\">\n\t\t\t\t\t\t<div class=\"elementor-container elementor-column-gap-default\">\n\t\t\t\t\t<div class=\"elementor-column elementor-col-100 elementor-top-column elementor-element elementor-element-5f8b770f\" data-id=\"5f8b770f\" data-element_type=\"column\">\n\t\t\t<div class=\"elementor-widget-wrap\">\n\t\t\t\t\t\t\t<\/div>\n\t\t<\/div>\n\t\t\t\t\t<\/div>\n\t\t<\/section>\n\t\t\t\t<section class=\"elementor-section elementor-top-section elementor-element elementor-element-4d6833c1 elementor-section-boxed elementor-section-height-default elementor-section-height-default\" data-id=\"4d6833c1\" data-element_type=\"section\" data-settings=\"{&quot;background_background&quot;:&quot;classic&quot;}\">\n\t\t\t\t\t\t<div class=\"elementor-container elementor-column-gap-default\">\n\t\t\t\t\t<div class=\"elementor-column elementor-col-100 elementor-top-column elementor-element elementor-element-145c0338\" data-id=\"145c0338\" data-element_type=\"column\">\n\t\t\t<div class=\"elementor-widget-wrap elementor-element-populated\">\n\t\t\t\t\t\t<div class=\"elementor-element elementor-element-6baeb4c3 elementor-widget elementor-widget-heading\" data-id=\"6baeb4c3\" data-element_type=\"widget\" data-widget_type=\"heading.default\">\n\t\t\t\t<div class=\"elementor-widget-container\">\n\t\t\t\t\t<h2 class=\"elementor-heading-title elementor-size-default\">Lataa opas ilmaiseksi!<\/h2>\t\t\t\t<\/div>\n\t\t\t\t<\/div>\n\t\t\t\t<div class=\"elementor-element elementor-element-586d568a elementor-widget elementor-widget-text-editor\" data-id=\"586d568a\" data-element_type=\"widget\" data-widget_type=\"text-editor.default\">\n\t\t\t\t<div class=\"elementor-widget-container\">\n\t\t\t\t\t\t\t\t\t<p>T\u00e4yt\u00e4 nimesi ja s\u00e4hk\u00f6postiosoitteesi alle, niin voit ladata oppaan.<\/p>\t\t\t\t\t\t\t\t<\/div>\n\t\t\t\t<\/div>\n\t\t\t\t<div class=\"elementor-element elementor-element-8b82dbe elementor-button-align-stretch elementor-widget elementor-widget-form\" data-id=\"8b82dbe\" data-element_type=\"widget\" data-settings=\"{&quot;step_next_label&quot;:&quot;Seuraava&quot;,&quot;step_previous_label&quot;:&quot;Edellinen&quot;,&quot;step_type&quot;:&quot;number_text&quot;,&quot;step_icon_shape&quot;:&quot;circle&quot;}\" data-widget_type=\"form.default\">\n\t\t\t\t<div class=\"elementor-widget-container\">\n\t\t\t\t\t\t\t<form class=\"elementor-form\" method=\"post\" name=\"Varaa\" aria-label=\"Varaa\">\n\t\t\t<input type=\"hidden\" name=\"post_id\" value=\"8208\"\/>\n\t\t\t<input type=\"hidden\" name=\"form_id\" value=\"8b82dbe\"\/>\n\t\t\t<input type=\"hidden\" name=\"referer_title\" value=\"Ikuista raskausvatsasi viikko viikolta - Erika Lindstr\u00f6m Photography\" \/>\n\n\t\t\t\t\t\t\t<input type=\"hidden\" name=\"queried_id\" value=\"8208\"\/>\n\t\t\t\n\t\t\t<div class=\"elementor-form-fields-wrapper elementor-labels-\">\n\t\t\t\t\t\t\t\t<div class=\"elementor-field-type-text elementor-field-group elementor-column elementor-field-group-field_1 elementor-col-50 elementor-field-required\">\n\t\t\t\t\t\t\t\t\t\t\t\t<label for=\"form-field-field_1\" class=\"elementor-field-label elementor-screen-only\">\n\t\t\t\t\t\t\t\tNimi\t\t\t\t\t\t\t<\/label>\n\t\t\t\t\t\t\t\t\t\t\t\t\t\t<input size=\"1\" type=\"text\" name=\"form_fields[field_1]\" id=\"form-field-field_1\" class=\"elementor-field elementor-size-md  elementor-field-textual\" placeholder=\"Nimi\" required=\"required\">\n\t\t\t\t\t\t\t\t\t\t\t<\/div>\n\t\t\t\t\t\t\t\t<div class=\"elementor-field-type-email elementor-field-group elementor-column elementor-field-group-field_2 elementor-col-50 elementor-field-required\">\n\t\t\t\t\t\t\t\t\t\t\t\t<label for=\"form-field-field_2\" class=\"elementor-field-label elementor-screen-only\">\n\t\t\t\t\t\t\t\tS\u00e4hk\u00f6posti\t\t\t\t\t\t\t<\/label>\n\t\t\t\t\t\t\t\t\t\t\t\t\t\t<input size=\"1\" type=\"email\" name=\"form_fields[field_2]\" id=\"form-field-field_2\" class=\"elementor-field elementor-size-md  elementor-field-textual\" placeholder=\"S\u00e4hk\u00f6posti\" required=\"required\">\n\t\t\t\t\t\t\t\t\t\t\t<\/div>\n\t\t\t\t\t\t\t\t<div class=\"elementor-field-group elementor-column elementor-field-type-submit elementor-col-100 e-form__buttons\">\n\t\t\t\t\t<button class=\"elementor-button elementor-size-sm\" type=\"submit\">\n\t\t\t\t\t\t<span class=\"elementor-button-content-wrapper\">\n\t\t\t\t\t\t\t\t\t\t\t\t\t\t\t\t\t\t\t\t\t\t<span class=\"elementor-button-text\">Lataa paketti<\/span>\n\t\t\t\t\t\t\t\t\t\t\t\t\t<\/span>\n\t\t\t\t\t<\/button>\n\t\t\t\t<\/div>\n\t\t\t<\/div>\n\t\t<\/form>\n\t\t\t\t\t\t<\/div>\n\t\t\t\t<\/div>\n\t\t\t\t\t<\/div>\n\t\t<\/div>\n\t\t\t\t\t<\/div>\n\t\t<\/section>\n\t\t\t\t<section class=\"elementor-section elementor-top-section elementor-element elementor-element-22de06b elementor-section-boxed elementor-section-height-default elementor-section-height-default\" data-id=\"22de06b\" data-element_type=\"section\">\n\t\t\t\t\t\t<div class=\"elementor-container elementor-column-gap-default\">\n\t\t\t\t\t<div class=\"elementor-column elementor-col-100 elementor-top-column elementor-element elementor-element-69a0935\" data-id=\"69a0935\" data-element_type=\"column\">\n\t\t\t<div class=\"elementor-widget-wrap elementor-element-populated\">\n\t\t\t\t\t\t<div class=\"elementor-element elementor-element-b2b1b7d elementor-widget elementor-widget-text-editor\" data-id=\"b2b1b7d\" data-element_type=\"widget\" data-widget_type=\"text-editor.default\">\n\t\t\t\t<div class=\"elementor-widget-container\">\n\t\t\t\t\t\t\t\t\t<p><a href=\"https:\/\/erikalindstrom.com\/fi\/raskauskuvaus-helsinki\/\">Jos sin\u00e4kin olet kiinnostunut raskauskuvauksesta kanssani, voit lukea lis\u00e4\u00e4 T\u00c4\u00c4LT\u00c4.<\/a><\/p>\t\t\t\t\t\t\t\t<\/div>\n\t\t\t\t<\/div>\n\t\t\t\t\t<\/div>\n\t\t<\/div>\n\t\t\t\t\t<\/div>\n\t\t<\/section>\n\t\t\t\t<\/div>\n\t\t","protected":false},"excerpt":{"rendered":"<p>Ikuista raskausvatsasi viikko viikolta Raskaus on ainutlaatuinen matka, ja sen muutokset ansaitsevat tulla ikuisiksi. T\u00e4m\u00e4n oppaan avulla voit helposti luoda oman raskauskuvasarjan \u2013 askel askeleelta, rennosti. Lataa selke\u00e4t ohjeet, joiden avulla voit valita t\u00e4ydellisen paikan, l\u00f6yt\u00e4\u00e4 luonnonvalon ja vangita kasvavan vatsasi kauniisti. Pienill\u00e4 mutta harkituilla valinnoilla luot sarjan kuvia, jotka seuraavat sinua raskauden aikana ja [&hellip;]<\/p>\n","protected":false},"author":1,"featured_media":0,"parent":0,"menu_order":0,"comment_status":"closed","ping_status":"closed","template":"","meta":{"ocean_post_layout":"full-screen","ocean_both_sidebars_style":"","ocean_both_sidebars_content_width":0,"ocean_both_sidebars_sidebars_width":0,"ocean_sidebar":"","ocean_second_sidebar":"","ocean_disable_margins":"enable","ocean_add_body_class":"","ocean_shortcode_before_top_bar":"","ocean_shortcode_after_top_bar":"","ocean_shortcode_before_header":"","ocean_shortcode_after_header":"","ocean_has_shortcode":"","ocean_shortcode_after_title":"","ocean_shortcode_before_footer_widgets":"","ocean_shortcode_after_footer_widgets":"","ocean_shortcode_before_footer_bottom":"","ocean_shortcode_after_footer_bottom":"","ocean_display_top_bar":"default","ocean_display_header":"default","ocean_header_style":"","ocean_center_header_left_menu":"","ocean_custom_header_template":"","ocean_custom_logo":0,"ocean_custom_retina_logo":0,"ocean_custom_logo_max_width":0,"ocean_custom_logo_tablet_max_width":0,"ocean_custom_logo_mobile_max_width":0,"ocean_custom_logo_max_height":0,"ocean_custom_logo_tablet_max_height":0,"ocean_custom_logo_mobile_max_height":0,"ocean_header_custom_menu":"","ocean_menu_typo_font_family":"","ocean_menu_typo_font_subset":"","ocean_menu_typo_font_size":0,"ocean_menu_typo_font_size_tablet":0,"ocean_menu_typo_font_size_mobile":0,"ocean_menu_typo_font_size_unit":"px","ocean_menu_typo_font_weight":"","ocean_menu_typo_font_weight_tablet":"","ocean_menu_typo_font_weight_mobile":"","ocean_menu_typo_transform":"","ocean_menu_typo_transform_tablet":"","ocean_menu_typo_transform_mobile":"","ocean_menu_typo_line_height":0,"ocean_menu_typo_line_height_tablet":0,"ocean_menu_typo_line_height_mobile":0,"ocean_menu_typo_line_height_unit":"","ocean_menu_typo_spacing":0,"ocean_menu_typo_spacing_tablet":0,"ocean_menu_typo_spacing_mobile":0,"ocean_menu_typo_spacing_unit":"","ocean_menu_link_color":"","ocean_menu_link_color_hover":"","ocean_menu_link_color_active":"","ocean_menu_link_background":"","ocean_menu_link_hover_background":"","ocean_menu_link_active_background":"","ocean_menu_social_links_bg":"","ocean_menu_social_hover_links_bg":"","ocean_menu_social_links_color":"","ocean_menu_social_hover_links_color":"","ocean_disable_title":"on","ocean_disable_heading":"default","ocean_post_title":"","ocean_post_subheading":"","ocean_post_title_style":"","ocean_post_title_background_color":"","ocean_post_title_background":0,"ocean_post_title_bg_image_position":"","ocean_post_title_bg_image_attachment":"","ocean_post_title_bg_image_repeat":"","ocean_post_title_bg_image_size":"","ocean_post_title_height":0,"ocean_post_title_bg_overlay":0.5,"ocean_post_title_bg_overlay_color":"","ocean_disable_breadcrumbs":"default","ocean_breadcrumbs_color":"","ocean_breadcrumbs_separator_color":"","ocean_breadcrumbs_links_color":"","ocean_breadcrumbs_links_hover_color":"","ocean_display_footer_widgets":"default","ocean_display_footer_bottom":"default","ocean_custom_footer_template":"","footnotes":""},"class_list":["post-8208","page","type-page","status-publish","hentry","entry","owp-thumbs-layout-vertical","owp-btn-normal","owp-tabs-layout-horizontal","has-no-thumbnails","has-product-nav"],"yoast_head":"<!-- This site is optimized with the Yoast SEO plugin v27.4 - https:\/\/yoast.com\/product\/yoast-seo-wordpress\/ -->\n<title>Ikuista raskausvatsasi viikko viikolta - Erika Lindstr\u00f6m Photography<\/title>\n<meta name=\"description\" content=\"T\u00e4m\u00e4n oppaan avulla voit helposti luoda oman raskauskuvasarjan \u2013 askel askeleelta, rennosti.\" \/>\n<meta name=\"robots\" content=\"index, follow, max-snippet:-1, max-image-preview:large, max-video-preview:-1\" \/>\n<link rel=\"canonical\" href=\"https:\/\/erikalindstrom.com\/fi\/ikuista-raskausvatsasi-viikko-viikolta\/\" \/>\n<meta property=\"og:locale\" content=\"fi_FI\" \/>\n<meta property=\"og:type\" content=\"article\" \/>\n<meta property=\"og:title\" content=\"Ikuista raskausvatsasi viikko viikolta - Erika Lindstr\u00f6m Photography\" \/>\n<meta property=\"og:description\" content=\"T\u00e4m\u00e4n oppaan avulla voit helposti luoda oman raskauskuvasarjan \u2013 askel askeleelta, rennosti.\" \/>\n<meta property=\"og:url\" content=\"https:\/\/erikalindstrom.com\/fi\/ikuista-raskausvatsasi-viikko-viikolta\/\" \/>\n<meta property=\"og:site_name\" content=\"Erika Lindstr\u00f6m Photography\" \/>\n<meta property=\"article:modified_time\" content=\"2025-07-21T08:00:22+00:00\" \/>\n<meta property=\"og:image\" content=\"https:\/\/erikalindstrom.com\/wp-content\/uploads\/2024\/09\/erikalindstromphoto_Raskauskuvaus_MarttaH_32_web-scaled.jpg\" \/>\n\t<meta property=\"og:image:width\" content=\"1707\" \/>\n\t<meta property=\"og:image:height\" content=\"2560\" \/>\n\t<meta property=\"og:image:type\" content=\"image\/jpeg\" \/>\n<meta name=\"twitter:card\" content=\"summary_large_image\" \/>\n<meta name=\"twitter:label1\" content=\"Arvioitu lukuaika\" \/>\n\t<meta name=\"twitter:data1\" content=\"1 minuutti\" \/>\n<script type=\"application\/ld+json\" class=\"yoast-schema-graph\">{\"@context\":\"https:\\\/\\\/schema.org\",\"@graph\":[{\"@type\":\"WebPage\",\"@id\":\"https:\\\/\\\/erikalindstrom.com\\\/fi\\\/ikuista-raskausvatsasi-viikko-viikolta\\\/\",\"url\":\"https:\\\/\\\/erikalindstrom.com\\\/fi\\\/ikuista-raskausvatsasi-viikko-viikolta\\\/\",\"name\":\"Ikuista raskausvatsasi viikko viikolta - Erika Lindstr\u00f6m Photography\",\"isPartOf\":{\"@id\":\"https:\\\/\\\/erikalindstrom.com\\\/fi\\\/#website\"},\"primaryImageOfPage\":{\"@id\":\"https:\\\/\\\/erikalindstrom.com\\\/fi\\\/ikuista-raskausvatsasi-viikko-viikolta\\\/#primaryimage\"},\"image\":{\"@id\":\"https:\\\/\\\/erikalindstrom.com\\\/fi\\\/ikuista-raskausvatsasi-viikko-viikolta\\\/#primaryimage\"},\"thumbnailUrl\":\"https:\\\/\\\/erikalindstrom.com\\\/wp-content\\\/uploads\\\/2024\\\/09\\\/erikalindstromphoto_Raskauskuvaus_MarttaH_32_web-683x1024.jpg\",\"datePublished\":\"2025-03-27T12:43:46+00:00\",\"dateModified\":\"2025-07-21T08:00:22+00:00\",\"description\":\"T\u00e4m\u00e4n oppaan avulla voit helposti luoda oman raskauskuvasarjan \u2013 askel askeleelta, rennosti.\",\"breadcrumb\":{\"@id\":\"https:\\\/\\\/erikalindstrom.com\\\/fi\\\/ikuista-raskausvatsasi-viikko-viikolta\\\/#breadcrumb\"},\"inLanguage\":\"fi\",\"potentialAction\":[{\"@type\":\"ReadAction\",\"target\":[\"https:\\\/\\\/erikalindstrom.com\\\/fi\\\/ikuista-raskausvatsasi-viikko-viikolta\\\/\"]}]},{\"@type\":\"ImageObject\",\"inLanguage\":\"fi\",\"@id\":\"https:\\\/\\\/erikalindstrom.com\\\/fi\\\/ikuista-raskausvatsasi-viikko-viikolta\\\/#primaryimage\",\"url\":\"https:\\\/\\\/erikalindstrom.com\\\/wp-content\\\/uploads\\\/2024\\\/09\\\/erikalindstromphoto_Raskauskuvaus_MarttaH_32_web-683x1024.jpg\",\"contentUrl\":\"https:\\\/\\\/erikalindstrom.com\\\/wp-content\\\/uploads\\\/2024\\\/09\\\/erikalindstromphoto_Raskauskuvaus_MarttaH_32_web-683x1024.jpg\"},{\"@type\":\"BreadcrumbList\",\"@id\":\"https:\\\/\\\/erikalindstrom.com\\\/fi\\\/ikuista-raskausvatsasi-viikko-viikolta\\\/#breadcrumb\",\"itemListElement\":[{\"@type\":\"ListItem\",\"position\":1,\"name\":\"Home\",\"item\":\"https:\\\/\\\/erikalindstrom.com\\\/fi\\\/raskauskuvaus\\\/\"},{\"@type\":\"ListItem\",\"position\":2,\"name\":\"Ikuista raskausvatsasi viikko viikolta\"}]},{\"@type\":\"WebSite\",\"@id\":\"https:\\\/\\\/erikalindstrom.com\\\/fi\\\/#website\",\"url\":\"https:\\\/\\\/erikalindstrom.com\\\/fi\\\/\",\"name\":\"Erika Lindstr\u00f6m Photography\",\"description\":\"Raskauskuvaus J\u00e4rvenp\u00e4\u00e4\",\"publisher\":{\"@id\":\"https:\\\/\\\/erikalindstrom.com\\\/fi\\\/#\\\/schema\\\/person\\\/6f87faae22d2f910a95bb014a34d4b08\"},\"potentialAction\":[{\"@type\":\"SearchAction\",\"target\":{\"@type\":\"EntryPoint\",\"urlTemplate\":\"https:\\\/\\\/erikalindstrom.com\\\/fi\\\/?s={search_term_string}\"},\"query-input\":{\"@type\":\"PropertyValueSpecification\",\"valueRequired\":true,\"valueName\":\"search_term_string\"}}],\"inLanguage\":\"fi\"},{\"@type\":[\"Person\",\"Organization\"],\"@id\":\"https:\\\/\\\/erikalindstrom.com\\\/fi\\\/#\\\/schema\\\/person\\\/6f87faae22d2f910a95bb014a34d4b08\",\"name\":\"ErikaLindstrom\",\"image\":{\"@type\":\"ImageObject\",\"inLanguage\":\"fi\",\"@id\":\"https:\\\/\\\/erikalindstrom.com\\\/wp-content\\\/uploads\\\/2024\\\/09\\\/erikalindstromphoto_Raskauskuvaus_MarttaH_10_web.jpg\",\"url\":\"https:\\\/\\\/erikalindstrom.com\\\/wp-content\\\/uploads\\\/2024\\\/09\\\/erikalindstromphoto_Raskauskuvaus_MarttaH_10_web.jpg\",\"contentUrl\":\"https:\\\/\\\/erikalindstrom.com\\\/wp-content\\\/uploads\\\/2024\\\/09\\\/erikalindstromphoto_Raskauskuvaus_MarttaH_10_web.jpg\",\"width\":2048,\"height\":1365,\"caption\":\"ErikaLindstrom\"},\"logo\":{\"@id\":\"https:\\\/\\\/erikalindstrom.com\\\/wp-content\\\/uploads\\\/2024\\\/09\\\/erikalindstromphoto_Raskauskuvaus_MarttaH_10_web.jpg\"}}]}<\/script>\n<!-- \/ Yoast SEO plugin. -->","yoast_head_json":{"title":"Ikuista raskausvatsasi viikko viikolta - Erika Lindstr\u00f6m Photography","description":"T\u00e4m\u00e4n oppaan avulla voit helposti luoda oman raskauskuvasarjan \u2013 askel askeleelta, rennosti.","robots":{"index":"index","follow":"follow","max-snippet":"max-snippet:-1","max-image-preview":"max-image-preview:large","max-video-preview":"max-video-preview:-1"},"canonical":"https:\/\/erikalindstrom.com\/fi\/ikuista-raskausvatsasi-viikko-viikolta\/","og_locale":"fi_FI","og_type":"article","og_title":"Ikuista raskausvatsasi viikko viikolta - Erika Lindstr\u00f6m Photography","og_description":"T\u00e4m\u00e4n oppaan avulla voit helposti luoda oman raskauskuvasarjan \u2013 askel askeleelta, rennosti.","og_url":"https:\/\/erikalindstrom.com\/fi\/ikuista-raskausvatsasi-viikko-viikolta\/","og_site_name":"Erika Lindstr\u00f6m Photography","article_modified_time":"2025-07-21T08:00:22+00:00","og_image":[{"width":1707,"height":2560,"url":"https:\/\/erikalindstrom.com\/wp-content\/uploads\/2024\/09\/erikalindstromphoto_Raskauskuvaus_MarttaH_32_web-scaled.jpg","type":"image\/jpeg"}],"twitter_card":"summary_large_image","twitter_misc":{"Arvioitu lukuaika":"1 minuutti"},"schema":{"@context":"https:\/\/schema.org","@graph":[{"@type":"WebPage","@id":"https:\/\/erikalindstrom.com\/fi\/ikuista-raskausvatsasi-viikko-viikolta\/","url":"https:\/\/erikalindstrom.com\/fi\/ikuista-raskausvatsasi-viikko-viikolta\/","name":"Ikuista raskausvatsasi viikko viikolta - Erika Lindstr\u00f6m Photography","isPartOf":{"@id":"https:\/\/erikalindstrom.com\/fi\/#website"},"primaryImageOfPage":{"@id":"https:\/\/erikalindstrom.com\/fi\/ikuista-raskausvatsasi-viikko-viikolta\/#primaryimage"},"image":{"@id":"https:\/\/erikalindstrom.com\/fi\/ikuista-raskausvatsasi-viikko-viikolta\/#primaryimage"},"thumbnailUrl":"https:\/\/erikalindstrom.com\/wp-content\/uploads\/2024\/09\/erikalindstromphoto_Raskauskuvaus_MarttaH_32_web-683x1024.jpg","datePublished":"2025-03-27T12:43:46+00:00","dateModified":"2025-07-21T08:00:22+00:00","description":"T\u00e4m\u00e4n oppaan avulla voit helposti luoda oman raskauskuvasarjan \u2013 askel askeleelta, rennosti.","breadcrumb":{"@id":"https:\/\/erikalindstrom.com\/fi\/ikuista-raskausvatsasi-viikko-viikolta\/#breadcrumb"},"inLanguage":"fi","potentialAction":[{"@type":"ReadAction","target":["https:\/\/erikalindstrom.com\/fi\/ikuista-raskausvatsasi-viikko-viikolta\/"]}]},{"@type":"ImageObject","inLanguage":"fi","@id":"https:\/\/erikalindstrom.com\/fi\/ikuista-raskausvatsasi-viikko-viikolta\/#primaryimage","url":"https:\/\/erikalindstrom.com\/wp-content\/uploads\/2024\/09\/erikalindstromphoto_Raskauskuvaus_MarttaH_32_web-683x1024.jpg","contentUrl":"https:\/\/erikalindstrom.com\/wp-content\/uploads\/2024\/09\/erikalindstromphoto_Raskauskuvaus_MarttaH_32_web-683x1024.jpg"},{"@type":"BreadcrumbList","@id":"https:\/\/erikalindstrom.com\/fi\/ikuista-raskausvatsasi-viikko-viikolta\/#breadcrumb","itemListElement":[{"@type":"ListItem","position":1,"name":"Home","item":"https:\/\/erikalindstrom.com\/fi\/raskauskuvaus\/"},{"@type":"ListItem","position":2,"name":"Ikuista raskausvatsasi viikko viikolta"}]},{"@type":"WebSite","@id":"https:\/\/erikalindstrom.com\/fi\/#website","url":"https:\/\/erikalindstrom.com\/fi\/","name":"Erika Lindstr\u00f6m Photography","description":"Raskauskuvaus J\u00e4rvenp\u00e4\u00e4","publisher":{"@id":"https:\/\/erikalindstrom.com\/fi\/#\/schema\/person\/6f87faae22d2f910a95bb014a34d4b08"},"potentialAction":[{"@type":"SearchAction","target":{"@type":"EntryPoint","urlTemplate":"https:\/\/erikalindstrom.com\/fi\/?s={search_term_string}"},"query-input":{"@type":"PropertyValueSpecification","valueRequired":true,"valueName":"search_term_string"}}],"inLanguage":"fi"},{"@type":["Person","Organization"],"@id":"https:\/\/erikalindstrom.com\/fi\/#\/schema\/person\/6f87faae22d2f910a95bb014a34d4b08","name":"ErikaLindstrom","image":{"@type":"ImageObject","inLanguage":"fi","@id":"https:\/\/erikalindstrom.com\/wp-content\/uploads\/2024\/09\/erikalindstromphoto_Raskauskuvaus_MarttaH_10_web.jpg","url":"https:\/\/erikalindstrom.com\/wp-content\/uploads\/2024\/09\/erikalindstromphoto_Raskauskuvaus_MarttaH_10_web.jpg","contentUrl":"https:\/\/erikalindstrom.com\/wp-content\/uploads\/2024\/09\/erikalindstromphoto_Raskauskuvaus_MarttaH_10_web.jpg","width":2048,"height":1365,"caption":"ErikaLindstrom"},"logo":{"@id":"https:\/\/erikalindstrom.com\/wp-content\/uploads\/2024\/09\/erikalindstromphoto_Raskauskuvaus_MarttaH_10_web.jpg"}}]}},"_links":{"self":[{"href":"https:\/\/erikalindstrom.com\/fi\/wp-json\/wp\/v2\/pages\/8208","targetHints":{"allow":["GET"]}}],"collection":[{"href":"https:\/\/erikalindstrom.com\/fi\/wp-json\/wp\/v2\/pages"}],"about":[{"href":"https:\/\/erikalindstrom.com\/fi\/wp-json\/wp\/v2\/types\/page"}],"author":[{"embeddable":true,"href":"https:\/\/erikalindstrom.com\/fi\/wp-json\/wp\/v2\/users\/1"}],"replies":[{"embeddable":true,"href":"https:\/\/erikalindstrom.com\/fi\/wp-json\/wp\/v2\/comments?post=8208"}],"version-history":[{"count":2,"href":"https:\/\/erikalindstrom.com\/fi\/wp-json\/wp\/v2\/pages\/8208\/revisions"}],"predecessor-version":[{"id":8475,"href":"https:\/\/erikalindstrom.com\/fi\/wp-json\/wp\/v2\/pages\/8208\/revisions\/8475"}],"wp:attachment":[{"href":"https:\/\/erikalindstrom.com\/fi\/wp-json\/wp\/v2\/media?parent=8208"}],"curies":[{"name":"wp","href":"https:\/\/api.w.org\/{rel}","templated":true}]}}