{"id":4553,"date":"2020-10-24T20:30:36","date_gmt":"2020-10-25T08:00:50","guid":{"rendered":"https:\/\/erikalindstrom.com\/produkt\/neulemekko-elisabeth\/"},"modified":"2022-10-05T10:19:24","modified_gmt":"2022-10-05T07:19:24","slug":"patentstickad-ylleklanning-elisabeth","status":"publish","type":"product","link":"https:\/\/erikalindstrom.com\/fi\/produkt\/patentstickad-ylleklanning-elisabeth\/","title":{"rendered":"Neulemekko ELISABETH"},"content":{"rendered":"<p><strong>Mukava villamekko my\u00f6h\u00e4isiin kes\u00e4iltoihin.<\/strong><\/p>\n<p>Mekko on vartalonmy\u00f6t\u00e4inen ilman, ett\u00e4 se on liian kire\u00e4. Se on todella joustava ja antaa hienot muodot kiitos patenttineuleen. Sopii my\u00f6s hyvin raskaana oleville.<\/p>\n<p>Mekon neulominen voi tuntua isolta projektilta, mutta t\u00e4m\u00e4 malli on yll\u00e4tt\u00e4v\u00e4n helppo neuloa.<\/p>\n<p>Koko XS-L.<\/p>\n<p>Lanka: Novita ISOVELI tai vastaava lanka puikkokoolla 5-6 mm<\/p>\n","protected":false},"excerpt":{"rendered":"<p><strong>Mukava villamekko my\u00f6h\u00e4isiin kes\u00e4iltoihin.<\/strong><\/p>\n<p>Mekko on vartalonmy\u00f6t\u00e4inen ilman, ett\u00e4 se on liian kire\u00e4. Se on todella joustava ja antaa hienot muodot kiitos patenttineuleen. Sopii my\u00f6s hyvin raskaana oleville.<\/p>\n<p>Mekon neulominen voi tuntua isolta projektilta, mutta t\u00e4m\u00e4 malli on yll\u00e4tt\u00e4v\u00e4n helppo neuloa.<\/p>\n<p>Koko XS-L.<\/p>\n<p>Lanka: Novita ISOVELI tai vastaava lanka puikkokoolla 5-6 mm<\/p>\n","protected":false},"featured_media":4422,"comment_status":"open","ping_status":"closed","template":"","meta":{"ocean_post_layout":"","ocean_both_sidebars_style":"","ocean_both_sidebars_content_width":0,"ocean_both_sidebars_sidebars_width":0,"ocean_sidebar":"0","ocean_second_sidebar":"0","ocean_disable_margins":"enable","ocean_add_body_class":"","ocean_shortcode_before_top_bar":"","ocean_shortcode_after_top_bar":"","ocean_shortcode_before_header":"","ocean_shortcode_after_header":"","ocean_has_shortcode":"","ocean_shortcode_after_title":"","ocean_shortcode_before_footer_widgets":"","ocean_shortcode_after_footer_widgets":"","ocean_shortcode_before_footer_bottom":"","ocean_shortcode_after_footer_bottom":"","ocean_display_top_bar":"default","ocean_display_header":"default","ocean_header_style":"","ocean_center_header_left_menu":"0","ocean_custom_header_template":"0","ocean_custom_logo":0,"ocean_custom_retina_logo":0,"ocean_custom_logo_max_width":0,"ocean_custom_logo_tablet_max_width":0,"ocean_custom_logo_mobile_max_width":0,"ocean_custom_logo_max_height":0,"ocean_custom_logo_tablet_max_height":0,"ocean_custom_logo_mobile_max_height":0,"ocean_header_custom_menu":"0","ocean_menu_typo_font_family":"0","ocean_menu_typo_font_subset":"","ocean_menu_typo_font_size":0,"ocean_menu_typo_font_size_tablet":0,"ocean_menu_typo_font_size_mobile":0,"ocean_menu_typo_font_size_unit":"px","ocean_menu_typo_font_weight":"","ocean_menu_typo_font_weight_tablet":"","ocean_menu_typo_font_weight_mobile":"","ocean_menu_typo_transform":"","ocean_menu_typo_transform_tablet":"","ocean_menu_typo_transform_mobile":"","ocean_menu_typo_line_height":0,"ocean_menu_typo_line_height_tablet":0,"ocean_menu_typo_line_height_mobile":0,"ocean_menu_typo_line_height_unit":"","ocean_menu_typo_spacing":0,"ocean_menu_typo_spacing_tablet":0,"ocean_menu_typo_spacing_mobile":0,"ocean_menu_typo_spacing_unit":"","ocean_menu_link_color":"","ocean_menu_link_color_hover":"","ocean_menu_link_color_active":"","ocean_menu_link_background":"","ocean_menu_link_hover_background":"","ocean_menu_link_active_background":"","ocean_menu_social_links_bg":"","ocean_menu_social_hover_links_bg":"","ocean_menu_social_links_color":"","ocean_menu_social_hover_links_color":"","ocean_disable_title":"default","ocean_disable_heading":"default","ocean_post_title":"","ocean_post_subheading":"","ocean_post_title_style":"","ocean_post_title_background_color":"","ocean_post_title_background":0,"ocean_post_title_bg_image_position":"","ocean_post_title_bg_image_attachment":"","ocean_post_title_bg_image_repeat":"","ocean_post_title_bg_image_size":"","ocean_post_title_height":0,"ocean_post_title_bg_overlay":0.5,"ocean_post_title_bg_overlay_color":"","ocean_disable_breadcrumbs":"default","ocean_breadcrumbs_color":"","ocean_breadcrumbs_separator_color":"","ocean_breadcrumbs_links_color":"","ocean_breadcrumbs_links_hover_color":"","ocean_display_footer_widgets":"default","ocean_display_footer_bottom":"default","ocean_custom_footer_template":"0"},"product_brand":[],"product_cat":[32],"product_tag":[],"class_list":{"0":"post-4553","1":"product","2":"type-product","3":"status-publish","4":"has-post-thumbnail","6":"product_cat-neulemallit","8":"entry","9":"has-media","11":"first","12":"instock","13":"downloadable","14":"virtual","15":"taxable","16":"purchasable","17":"product-type-simple","18":"has-product-nav","19":"col","20":"span_1_of_3","21":"owp-content-center","22":"owp-thumbs-layout-vertical","23":"owp-btn-normal","24":"owp-tabs-layout-horizontal"},"yoast_head":"<!-- This site is optimized with the Yoast SEO plugin v27.4 - https:\/\/yoast.com\/product\/yoast-seo-wordpress\/ -->\n<title>Neulemekko ELISABETH - Erika Lindstr\u00f6m Photography<\/title>\n<meta name=\"description\" content=\"Mukava villamekko my\u00f6h\u00e4isiin kes\u00e4iltoihin. Mekko on vartalonmy\u00f6t\u00e4inen ilman, ett\u00e4 se on liian kire\u00e4. Se on todella joustava ja antaa hienot muodot kiitos patenttineuleen. Sopii my\u00f6s hyvin raskaana oleville. Mekon neulominen voi tuntua isolta projektilta, mutta t\u00e4m\u00e4 malli on yll\u00e4tt\u00e4v\u00e4n helppo neuloa. Koko XS-L Lanka: Novita ISOVELI tai vastaava lanka puikkokoolla 5-6 mm.\" \/>\n<meta name=\"robots\" content=\"index, follow, max-snippet:-1, max-image-preview:large, max-video-preview:-1\" \/>\n<link rel=\"canonical\" href=\"https:\/\/erikalindstrom.com\/fi\/produkt\/patentstickad-ylleklanning-elisabeth\/\" \/>\n<meta property=\"og:locale\" content=\"fi_FI\" \/>\n<meta property=\"og:type\" content=\"article\" \/>\n<meta property=\"og:title\" content=\"Neulemekko ELISABETH - Erika Lindstr\u00f6m Photography\" \/>\n<meta property=\"og:description\" content=\"Mukava villamekko my\u00f6h\u00e4isiin kes\u00e4iltoihin. Mekko on vartalonmy\u00f6t\u00e4inen ilman, ett\u00e4 se on liian kire\u00e4. Se on todella joustava ja antaa hienot muodot kiitos patenttineuleen. Sopii my\u00f6s hyvin raskaana oleville. Mekon neulominen voi tuntua isolta projektilta, mutta t\u00e4m\u00e4 malli on yll\u00e4tt\u00e4v\u00e4n helppo neuloa. Koko XS-L Lanka: Novita ISOVELI tai vastaava lanka puikkokoolla 5-6 mm.\" \/>\n<meta property=\"og:url\" content=\"https:\/\/erikalindstrom.com\/fi\/produkt\/patentstickad-ylleklanning-elisabeth\/\" \/>\n<meta property=\"og:site_name\" content=\"Erika Lindstr\u00f6m Photography\" \/>\n<meta property=\"article:modified_time\" content=\"2022-10-05T07:19:24+00:00\" \/>\n<meta property=\"og:image\" content=\"https:\/\/erikalindstrom.com\/wp-content\/uploads\/2020\/10\/Raskauskuvaus_Sipoo_Sabina_06_cropped-683x1024.jpg\" \/>\n\t<meta property=\"og:image:width\" content=\"683\" \/>\n\t<meta property=\"og:image:height\" content=\"1024\" \/>\n\t<meta property=\"og:image:type\" content=\"image\/jpeg\" \/>\n<meta name=\"twitter:card\" content=\"summary_large_image\" \/>\n<script type=\"application\/ld+json\" class=\"yoast-schema-graph\">{\"@context\":\"https:\\\/\\\/schema.org\",\"@graph\":[{\"@type\":\"WebPage\",\"@id\":\"https:\\\/\\\/erikalindstrom.com\\\/fi\\\/produkt\\\/patentstickad-ylleklanning-elisabeth\\\/\",\"url\":\"https:\\\/\\\/erikalindstrom.com\\\/fi\\\/produkt\\\/patentstickad-ylleklanning-elisabeth\\\/\",\"name\":\"Neulemekko ELISABETH - Erika Lindstr\u00f6m Photography\",\"isPartOf\":{\"@id\":\"https:\\\/\\\/erikalindstrom.com\\\/fi\\\/#website\"},\"primaryImageOfPage\":{\"@id\":\"https:\\\/\\\/erikalindstrom.com\\\/fi\\\/produkt\\\/patentstickad-ylleklanning-elisabeth\\\/#primaryimage\"},\"image\":{\"@id\":\"https:\\\/\\\/erikalindstrom.com\\\/fi\\\/produkt\\\/patentstickad-ylleklanning-elisabeth\\\/#primaryimage\"},\"thumbnailUrl\":\"https:\\\/\\\/erikalindstrom.com\\\/wp-content\\\/uploads\\\/2020\\\/10\\\/Raskauskuvaus_Sipoo_Sabina_06_cropped.jpg\",\"datePublished\":\"2020-10-25T08:00:50+00:00\",\"dateModified\":\"2022-10-05T07:19:24+00:00\",\"description\":\"Mukava villamekko my\u00f6h\u00e4isiin kes\u00e4iltoihin. Mekko on vartalonmy\u00f6t\u00e4inen ilman, ett\u00e4 se on liian kire\u00e4. Se on todella joustava ja antaa hienot muodot kiitos patenttineuleen. Sopii my\u00f6s hyvin raskaana oleville. Mekon neulominen voi tuntua isolta projektilta, mutta t\u00e4m\u00e4 malli on yll\u00e4tt\u00e4v\u00e4n helppo neuloa. Koko XS-L Lanka: Novita ISOVELI tai vastaava lanka puikkokoolla 5-6 mm.\",\"breadcrumb\":{\"@id\":\"https:\\\/\\\/erikalindstrom.com\\\/fi\\\/produkt\\\/patentstickad-ylleklanning-elisabeth\\\/#breadcrumb\"},\"inLanguage\":\"fi\",\"potentialAction\":[{\"@type\":\"ReadAction\",\"target\":[\"https:\\\/\\\/erikalindstrom.com\\\/fi\\\/produkt\\\/patentstickad-ylleklanning-elisabeth\\\/\"]}]},{\"@type\":\"ImageObject\",\"inLanguage\":\"fi\",\"@id\":\"https:\\\/\\\/erikalindstrom.com\\\/fi\\\/produkt\\\/patentstickad-ylleklanning-elisabeth\\\/#primaryimage\",\"url\":\"https:\\\/\\\/erikalindstrom.com\\\/wp-content\\\/uploads\\\/2020\\\/10\\\/Raskauskuvaus_Sipoo_Sabina_06_cropped.jpg\",\"contentUrl\":\"https:\\\/\\\/erikalindstrom.com\\\/wp-content\\\/uploads\\\/2020\\\/10\\\/Raskauskuvaus_Sipoo_Sabina_06_cropped.jpg\",\"width\":1597,\"height\":2395,\"caption\":\"Joustava villamekko\"},{\"@type\":\"BreadcrumbList\",\"@id\":\"https:\\\/\\\/erikalindstrom.com\\\/fi\\\/produkt\\\/patentstickad-ylleklanning-elisabeth\\\/#breadcrumb\",\"itemListElement\":[{\"@type\":\"ListItem\",\"position\":1,\"name\":\"Home\",\"item\":\"https:\\\/\\\/erikalindstrom.com\\\/fi\\\/raskauskuvaus\\\/\"},{\"@type\":\"ListItem\",\"position\":2,\"name\":\"Verkkokauppa\",\"item\":\"https:\\\/\\\/erikalindstrom.com\\\/fi\\\/nettikauppa\\\/\"},{\"@type\":\"ListItem\",\"position\":3,\"name\":\"Neulemekko ELISABETH\"}]},{\"@type\":\"WebSite\",\"@id\":\"https:\\\/\\\/erikalindstrom.com\\\/fi\\\/#website\",\"url\":\"https:\\\/\\\/erikalindstrom.com\\\/fi\\\/\",\"name\":\"Erika Lindstr\u00f6m Photography\",\"description\":\"Raskauskuvaus J\u00e4rvenp\u00e4\u00e4\",\"publisher\":{\"@id\":\"https:\\\/\\\/erikalindstrom.com\\\/fi\\\/#\\\/schema\\\/person\\\/6f87faae22d2f910a95bb014a34d4b08\"},\"potentialAction\":[{\"@type\":\"SearchAction\",\"target\":{\"@type\":\"EntryPoint\",\"urlTemplate\":\"https:\\\/\\\/erikalindstrom.com\\\/fi\\\/?s={search_term_string}\"},\"query-input\":{\"@type\":\"PropertyValueSpecification\",\"valueRequired\":true,\"valueName\":\"search_term_string\"}}],\"inLanguage\":\"fi\"},{\"@type\":[\"Person\",\"Organization\"],\"@id\":\"https:\\\/\\\/erikalindstrom.com\\\/fi\\\/#\\\/schema\\\/person\\\/6f87faae22d2f910a95bb014a34d4b08\",\"name\":\"ErikaLindstrom\",\"image\":{\"@type\":\"ImageObject\",\"inLanguage\":\"fi\",\"@id\":\"https:\\\/\\\/erikalindstrom.com\\\/wp-content\\\/uploads\\\/2024\\\/09\\\/erikalindstromphoto_Raskauskuvaus_MarttaH_10_web.jpg\",\"url\":\"https:\\\/\\\/erikalindstrom.com\\\/wp-content\\\/uploads\\\/2024\\\/09\\\/erikalindstromphoto_Raskauskuvaus_MarttaH_10_web.jpg\",\"contentUrl\":\"https:\\\/\\\/erikalindstrom.com\\\/wp-content\\\/uploads\\\/2024\\\/09\\\/erikalindstromphoto_Raskauskuvaus_MarttaH_10_web.jpg\",\"width\":2048,\"height\":1365,\"caption\":\"ErikaLindstrom\"},\"logo\":{\"@id\":\"https:\\\/\\\/erikalindstrom.com\\\/wp-content\\\/uploads\\\/2024\\\/09\\\/erikalindstromphoto_Raskauskuvaus_MarttaH_10_web.jpg\"}}]}<\/script>\n<!-- \/ Yoast SEO plugin. -->","yoast_head_json":{"title":"Neulemekko ELISABETH - Erika Lindstr\u00f6m Photography","description":"Mukava villamekko my\u00f6h\u00e4isiin kes\u00e4iltoihin. Mekko on vartalonmy\u00f6t\u00e4inen ilman, ett\u00e4 se on liian kire\u00e4. Se on todella joustava ja antaa hienot muodot kiitos patenttineuleen. Sopii my\u00f6s hyvin raskaana oleville. Mekon neulominen voi tuntua isolta projektilta, mutta t\u00e4m\u00e4 malli on yll\u00e4tt\u00e4v\u00e4n helppo neuloa. Koko XS-L Lanka: Novita ISOVELI tai vastaava lanka puikkokoolla 5-6 mm.","robots":{"index":"index","follow":"follow","max-snippet":"max-snippet:-1","max-image-preview":"max-image-preview:large","max-video-preview":"max-video-preview:-1"},"canonical":"https:\/\/erikalindstrom.com\/fi\/produkt\/patentstickad-ylleklanning-elisabeth\/","og_locale":"fi_FI","og_type":"article","og_title":"Neulemekko ELISABETH - Erika Lindstr\u00f6m Photography","og_description":"Mukava villamekko my\u00f6h\u00e4isiin kes\u00e4iltoihin. Mekko on vartalonmy\u00f6t\u00e4inen ilman, ett\u00e4 se on liian kire\u00e4. Se on todella joustava ja antaa hienot muodot kiitos patenttineuleen. Sopii my\u00f6s hyvin raskaana oleville. Mekon neulominen voi tuntua isolta projektilta, mutta t\u00e4m\u00e4 malli on yll\u00e4tt\u00e4v\u00e4n helppo neuloa. Koko XS-L Lanka: Novita ISOVELI tai vastaava lanka puikkokoolla 5-6 mm.","og_url":"https:\/\/erikalindstrom.com\/fi\/produkt\/patentstickad-ylleklanning-elisabeth\/","og_site_name":"Erika Lindstr\u00f6m Photography","article_modified_time":"2022-10-05T07:19:24+00:00","og_image":[{"width":683,"height":1024,"url":"https:\/\/erikalindstrom.com\/wp-content\/uploads\/2020\/10\/Raskauskuvaus_Sipoo_Sabina_06_cropped-683x1024.jpg","type":"image\/jpeg"}],"twitter_card":"summary_large_image","schema":{"@context":"https:\/\/schema.org","@graph":[{"@type":"WebPage","@id":"https:\/\/erikalindstrom.com\/fi\/produkt\/patentstickad-ylleklanning-elisabeth\/","url":"https:\/\/erikalindstrom.com\/fi\/produkt\/patentstickad-ylleklanning-elisabeth\/","name":"Neulemekko ELISABETH - Erika Lindstr\u00f6m Photography","isPartOf":{"@id":"https:\/\/erikalindstrom.com\/fi\/#website"},"primaryImageOfPage":{"@id":"https:\/\/erikalindstrom.com\/fi\/produkt\/patentstickad-ylleklanning-elisabeth\/#primaryimage"},"image":{"@id":"https:\/\/erikalindstrom.com\/fi\/produkt\/patentstickad-ylleklanning-elisabeth\/#primaryimage"},"thumbnailUrl":"https:\/\/erikalindstrom.com\/wp-content\/uploads\/2020\/10\/Raskauskuvaus_Sipoo_Sabina_06_cropped.jpg","datePublished":"2020-10-25T08:00:50+00:00","dateModified":"2022-10-05T07:19:24+00:00","description":"Mukava villamekko my\u00f6h\u00e4isiin kes\u00e4iltoihin. Mekko on vartalonmy\u00f6t\u00e4inen ilman, ett\u00e4 se on liian kire\u00e4. Se on todella joustava ja antaa hienot muodot kiitos patenttineuleen. Sopii my\u00f6s hyvin raskaana oleville. Mekon neulominen voi tuntua isolta projektilta, mutta t\u00e4m\u00e4 malli on yll\u00e4tt\u00e4v\u00e4n helppo neuloa. Koko XS-L Lanka: Novita ISOVELI tai vastaava lanka puikkokoolla 5-6 mm.","breadcrumb":{"@id":"https:\/\/erikalindstrom.com\/fi\/produkt\/patentstickad-ylleklanning-elisabeth\/#breadcrumb"},"inLanguage":"fi","potentialAction":[{"@type":"ReadAction","target":["https:\/\/erikalindstrom.com\/fi\/produkt\/patentstickad-ylleklanning-elisabeth\/"]}]},{"@type":"ImageObject","inLanguage":"fi","@id":"https:\/\/erikalindstrom.com\/fi\/produkt\/patentstickad-ylleklanning-elisabeth\/#primaryimage","url":"https:\/\/erikalindstrom.com\/wp-content\/uploads\/2020\/10\/Raskauskuvaus_Sipoo_Sabina_06_cropped.jpg","contentUrl":"https:\/\/erikalindstrom.com\/wp-content\/uploads\/2020\/10\/Raskauskuvaus_Sipoo_Sabina_06_cropped.jpg","width":1597,"height":2395,"caption":"Joustava villamekko"},{"@type":"BreadcrumbList","@id":"https:\/\/erikalindstrom.com\/fi\/produkt\/patentstickad-ylleklanning-elisabeth\/#breadcrumb","itemListElement":[{"@type":"ListItem","position":1,"name":"Home","item":"https:\/\/erikalindstrom.com\/fi\/raskauskuvaus\/"},{"@type":"ListItem","position":2,"name":"Verkkokauppa","item":"https:\/\/erikalindstrom.com\/fi\/nettikauppa\/"},{"@type":"ListItem","position":3,"name":"Neulemekko ELISABETH"}]},{"@type":"WebSite","@id":"https:\/\/erikalindstrom.com\/fi\/#website","url":"https:\/\/erikalindstrom.com\/fi\/","name":"Erika Lindstr\u00f6m Photography","description":"Raskauskuvaus J\u00e4rvenp\u00e4\u00e4","publisher":{"@id":"https:\/\/erikalindstrom.com\/fi\/#\/schema\/person\/6f87faae22d2f910a95bb014a34d4b08"},"potentialAction":[{"@type":"SearchAction","target":{"@type":"EntryPoint","urlTemplate":"https:\/\/erikalindstrom.com\/fi\/?s={search_term_string}"},"query-input":{"@type":"PropertyValueSpecification","valueRequired":true,"valueName":"search_term_string"}}],"inLanguage":"fi"},{"@type":["Person","Organization"],"@id":"https:\/\/erikalindstrom.com\/fi\/#\/schema\/person\/6f87faae22d2f910a95bb014a34d4b08","name":"ErikaLindstrom","image":{"@type":"ImageObject","inLanguage":"fi","@id":"https:\/\/erikalindstrom.com\/wp-content\/uploads\/2024\/09\/erikalindstromphoto_Raskauskuvaus_MarttaH_10_web.jpg","url":"https:\/\/erikalindstrom.com\/wp-content\/uploads\/2024\/09\/erikalindstromphoto_Raskauskuvaus_MarttaH_10_web.jpg","contentUrl":"https:\/\/erikalindstrom.com\/wp-content\/uploads\/2024\/09\/erikalindstromphoto_Raskauskuvaus_MarttaH_10_web.jpg","width":2048,"height":1365,"caption":"ErikaLindstrom"},"logo":{"@id":"https:\/\/erikalindstrom.com\/wp-content\/uploads\/2024\/09\/erikalindstromphoto_Raskauskuvaus_MarttaH_10_web.jpg"}}]}},"_links":{"self":[{"href":"https:\/\/erikalindstrom.com\/fi\/wp-json\/wp\/v2\/product\/4553","targetHints":{"allow":["GET"]}}],"collection":[{"href":"https:\/\/erikalindstrom.com\/fi\/wp-json\/wp\/v2\/product"}],"about":[{"href":"https:\/\/erikalindstrom.com\/fi\/wp-json\/wp\/v2\/types\/product"}],"replies":[{"embeddable":true,"href":"https:\/\/erikalindstrom.com\/fi\/wp-json\/wp\/v2\/comments?post=4553"}],"wp:featuredmedia":[{"embeddable":true,"href":"https:\/\/erikalindstrom.com\/fi\/wp-json\/wp\/v2\/media\/4422"}],"wp:attachment":[{"href":"https:\/\/erikalindstrom.com\/fi\/wp-json\/wp\/v2\/media?parent=4553"}],"wp:term":[{"taxonomy":"product_brand","embeddable":true,"href":"https:\/\/erikalindstrom.com\/fi\/wp-json\/wp\/v2\/product_brand?post=4553"},{"taxonomy":"product_cat","embeddable":true,"href":"https:\/\/erikalindstrom.com\/fi\/wp-json\/wp\/v2\/product_cat?post=4553"},{"taxonomy":"product_tag","embeddable":true,"href":"https:\/\/erikalindstrom.com\/fi\/wp-json\/wp\/v2\/product_tag?post=4553"}],"curies":[{"name":"wp","href":"https:\/\/api.w.org\/{rel}","templated":true}]}}